{"id":992621,"date":"2026-03-20T22:21:51","date_gmt":"2026-03-20T21:21:51","guid":{"rendered":"https:\/\/mazelka.pl\/?post_type=product&#038;p=992621"},"modified":"2026-04-08T17:47:04","modified_gmt":"2026-04-08T15:47:04","slug":"melon-z-orzechem-wloskim-w-czekoladzie","status":"publish","type":"product","link":"https:\/\/mazelka.pl\/?product=melon-z-orzechem-wloskim-w-czekoladzie","title":{"rendered":"Melon z orzechem w\u0142oskim w czekoladzie"},"content":{"rendered":"<div class=\"vgblk-rw-wrapper limit-wrapper\">\n<p data-start=\"106\" data-end=\"363\">Melon z orzechem w\u0142oskim w czekoladzie<\/p>\n<p data-start=\"2180\" data-end=\"2449\">Sk\u0142adniki: melon suszony (55%), polewa kakaowa (30%) (cukier bia\u0142y, ca\u0142kowicie uwodorniony t\u0142uszcz ro\u015blinny, kakao w proszku, emulgator sojowy lecytyna E322), aromaty (\u201eWanilia\u201d, \u201eKakao\u201d, s\u00f3l), podsuszone orzechy w\u0142oskie (7%), cukier. Wyprodukowano bez stosowania GMO<\/p>\n<p data-start=\"2451\" data-end=\"2487\">Warto\u015b\u0107 od\u017cywcza w 100 g produktu:<\/p>\n<ul data-start=\"2488\" data-end=\"2670\" data-is-last-node=\"\" data-is-only-node=\"\">\n<li data-section-id=\"1e0jobp\" data-start=\"2488\" data-end=\"2532\">\n<p data-start=\"2490\" data-end=\"2532\">Warto\u015b\u0107 energetyczna: 353 kcal \/ 1482 kJ<\/p>\n<\/li>\n<li data-section-id=\"vfq321\" data-start=\"2533\" data-end=\"2553\">\n<p data-start=\"2535\" data-end=\"2553\">T\u0142uszcze: 13,4 g<\/p>\n<\/li>\n<li data-section-id=\"fw8gge\" data-start=\"2554\" data-end=\"2589\">\n<p data-start=\"2556\" data-end=\"2589\">w tym t\u0142uszcze nasycone: 10,5 g<\/p>\n<\/li>\n<li data-section-id=\"1e5he8e\" data-start=\"2590\" data-end=\"2613\">\n<p data-start=\"2592\" data-end=\"2613\">W\u0119glowodany: 44,7 g<\/p>\n<\/li>\n<li data-section-id=\"g35kgd\" data-start=\"2614\" data-end=\"2637\">\n<p data-start=\"2616\" data-end=\"2637\">w tym cukry: 20,7 g<\/p>\n<\/li>\n<li data-section-id=\"4oemxg\" data-start=\"2638\" data-end=\"2655\">\n<p data-start=\"2640\" data-end=\"2655\">Bia\u0142ko: 2,3 g<\/p>\n<\/li>\n<li data-section-id=\"1wlagc4\" data-start=\"2656\" data-end=\"2670\" data-is-last-node=\"\">\n<p data-start=\"2658\" data-end=\"2670\" data-is-last-node=\"\">S\u00f3l: 0,001 g<\/p>\n<\/li>\n<\/ul>\n<p data-start=\"661\" data-end=\"805\"><strong data-start=\"661\" data-end=\"682\">Kraj pochodzenia:<\/strong> Wyprodukowano w Ukraina\u00a0<br data-start=\"692\" data-end=\"695\" \/><strong data-start=\"695\" data-end=\"719\">Termin przydatno\u015bci:<\/strong> 04.08.2026r<\/p>\n<\/div>\n<p><!-- .vgblk-rw-wrapper --><\/p>\n","protected":false},"excerpt":{"rendered":"<p data-start=\"106\" data-end=\"363\">Melon z orzechem w\u0142oskim w czekoladzie<\/p>\n","protected":false},"featured_media":992627,"comment_status":"closed","ping_status":"closed","template":"","meta":[],"product_brand":[],"product_cat":[137],"product_tag":[],"class_list":{"0":"post-992621","1":"product","2":"type-product","3":"status-publish","4":"has-post-thumbnail","6":"product_cat-bakalie-w-czekoladzie-praliny","8":"first","9":"instock","10":"shipping-taxable","11":"purchasable","12":"product-type-variable"},"jetpack_sharing_enabled":true,"_links":{"self":[{"href":"https:\/\/mazelka.pl\/index.php?rest_route=\/wp\/v2\/product\/992621","targetHints":{"allow":["GET"]}}],"collection":[{"href":"https:\/\/mazelka.pl\/index.php?rest_route=\/wp\/v2\/product"}],"about":[{"href":"https:\/\/mazelka.pl\/index.php?rest_route=\/wp\/v2\/types\/product"}],"replies":[{"embeddable":true,"href":"https:\/\/mazelka.pl\/index.php?rest_route=%2Fwp%2Fv2%2Fcomments&post=992621"}],"version-history":[{"count":3,"href":"https:\/\/mazelka.pl\/index.php?rest_route=\/wp\/v2\/product\/992621\/revisions"}],"predecessor-version":[{"id":992641,"href":"https:\/\/mazelka.pl\/index.php?rest_route=\/wp\/v2\/product\/992621\/revisions\/992641"}],"wp:featuredmedia":[{"embeddable":true,"href":"https:\/\/mazelka.pl\/index.php?rest_route=\/wp\/v2\/media\/992627"}],"wp:attachment":[{"href":"https:\/\/mazelka.pl\/index.php?rest_route=%2Fwp%2Fv2%2Fmedia&parent=992621"}],"wp:term":[{"taxonomy":"product_brand","embeddable":true,"href":"https:\/\/mazelka.pl\/index.php?rest_route=%2Fwp%2Fv2%2Fproduct_brand&post=992621"},{"taxonomy":"product_cat","embeddable":true,"href":"https:\/\/mazelka.pl\/index.php?rest_route=%2Fwp%2Fv2%2Fproduct_cat&post=992621"},{"taxonomy":"product_tag","embeddable":true,"href":"https:\/\/mazelka.pl\/index.php?rest_route=%2Fwp%2Fv2%2Fproduct_tag&post=992621"}],"curies":[{"name":"wp","href":"https:\/\/api.w.org\/{rel}","templated":true}]}}