{"id":992613,"date":"2026-03-20T22:21:09","date_gmt":"2026-03-20T21:21:09","guid":{"rendered":"https:\/\/mazelka.pl\/?post_type=product&#038;p=992613"},"modified":"2026-04-08T17:47:13","modified_gmt":"2026-04-08T15:47:13","slug":"meteoryt-z-prazonymi-orzeszkami-ziemnymi-i-miodem","status":"publish","type":"product","link":"https:\/\/mazelka.pl\/?product=meteoryt-z-prazonymi-orzeszkami-ziemnymi-i-miodem","title":{"rendered":"Meteoryt z pra\u017conymi orzeszkami ziemnymi i miodem"},"content":{"rendered":"<div class=\"vgblk-rw-wrapper limit-wrapper\">\n<p data-start=\"106\" data-end=\"363\">Meteoryt z pra\u017conymi orzeszkami ziemnymi i miodem<\/p>\n<p data-start=\"1653\" data-end=\"1885\">Sk\u0142adniki: orzeszki arachidowe pra\u017cone, polewa kakaowa (cukier bia\u0142y, t\u0142uszcz ro\u015blinny, kakao), proszek kakaowy, emulgator (lecytyna sojowa E322), aromaty (wanilia, kakao), s\u00f3l kuchenna, cukier bia\u0142y, maltodekstryna, mi\u00f3d sztuczny<\/p>\n<p data-start=\"1887\" data-end=\"1923\">Warto\u015b\u0107 od\u017cywcza w 100 g produktu:<\/p>\n<ul data-start=\"1924\" data-end=\"2108\">\n<li data-section-id=\"z1wper\" data-start=\"1924\" data-end=\"1968\">\n<p data-start=\"1926\" data-end=\"1968\">Warto\u015b\u0107 energetyczna: 485 kcal \/ 2043 kJ<\/p>\n<\/li>\n<li data-section-id=\"19z4okd\" data-start=\"1969\" data-end=\"1989\">\n<p data-start=\"1971\" data-end=\"1989\">T\u0142uszcze: 28,8 g<\/p>\n<\/li>\n<li data-section-id=\"ftelhe\" data-start=\"1990\" data-end=\"2025\">\n<p data-start=\"1992\" data-end=\"2025\">w tym t\u0142uszcze nasycone: 10,9 g<\/p>\n<\/li>\n<li data-section-id=\"7lz26h\" data-start=\"2026\" data-end=\"2049\">\n<p data-start=\"2028\" data-end=\"2049\">W\u0119glowodany: 46,2 g<\/p>\n<\/li>\n<li data-section-id=\"1522go6\" data-start=\"2050\" data-end=\"2073\">\n<p data-start=\"2052\" data-end=\"2073\">w tym cukry: 35,8 g<\/p>\n<\/li>\n<li data-section-id=\"gbmpj8\" data-start=\"2074\" data-end=\"2092\">\n<p data-start=\"2076\" data-end=\"2092\">Bia\u0142ko: 12,2 g<\/p>\n<\/li>\n<li data-section-id=\"1pj2dac\" data-start=\"2093\" data-end=\"2108\">\n<p data-start=\"2095\" data-end=\"2108\">S\u00f3l: 0,01 g<\/p>\n<\/li>\n<\/ul>\n<p data-start=\"661\" data-end=\"805\"><strong data-start=\"661\" data-end=\"682\">Kraj pochodzenia:<\/strong> Wyprodukowano w Ukraina\u00a0<br data-start=\"692\" data-end=\"695\" \/><strong data-start=\"695\" data-end=\"719\">Termin przydatno\u015bci:<\/strong> 09.08.2026r<\/p>\n<\/div>\n<p><!-- .vgblk-rw-wrapper --><\/p>\n","protected":false},"excerpt":{"rendered":"<p data-start=\"106\" data-end=\"363\">Meteoryt z pra\u017conymi orzeszkami ziemnymi i miodem<\/p>\n","protected":false},"featured_media":992619,"comment_status":"closed","ping_status":"closed","template":"","meta":[],"product_brand":[],"product_cat":[137],"product_tag":[],"class_list":{"0":"post-992613","1":"product","2":"type-product","3":"status-publish","4":"has-post-thumbnail","6":"product_cat-bakalie-w-czekoladzie-praliny","8":"first","9":"instock","10":"shipping-taxable","11":"purchasable","12":"product-type-variable"},"jetpack_sharing_enabled":true,"_links":{"self":[{"href":"https:\/\/mazelka.pl\/index.php?rest_route=\/wp\/v2\/product\/992613","targetHints":{"allow":["GET"]}}],"collection":[{"href":"https:\/\/mazelka.pl\/index.php?rest_route=\/wp\/v2\/product"}],"about":[{"href":"https:\/\/mazelka.pl\/index.php?rest_route=\/wp\/v2\/types\/product"}],"replies":[{"embeddable":true,"href":"https:\/\/mazelka.pl\/index.php?rest_route=%2Fwp%2Fv2%2Fcomments&post=992613"}],"version-history":[{"count":2,"href":"https:\/\/mazelka.pl\/index.php?rest_route=\/wp\/v2\/product\/992613\/revisions"}],"predecessor-version":[{"id":992642,"href":"https:\/\/mazelka.pl\/index.php?rest_route=\/wp\/v2\/product\/992613\/revisions\/992642"}],"wp:featuredmedia":[{"embeddable":true,"href":"https:\/\/mazelka.pl\/index.php?rest_route=\/wp\/v2\/media\/992619"}],"wp:attachment":[{"href":"https:\/\/mazelka.pl\/index.php?rest_route=%2Fwp%2Fv2%2Fmedia&parent=992613"}],"wp:term":[{"taxonomy":"product_brand","embeddable":true,"href":"https:\/\/mazelka.pl\/index.php?rest_route=%2Fwp%2Fv2%2Fproduct_brand&post=992613"},{"taxonomy":"product_cat","embeddable":true,"href":"https:\/\/mazelka.pl\/index.php?rest_route=%2Fwp%2Fv2%2Fproduct_cat&post=992613"},{"taxonomy":"product_tag","embeddable":true,"href":"https:\/\/mazelka.pl\/index.php?rest_route=%2Fwp%2Fv2%2Fproduct_tag&post=992613"}],"curies":[{"name":"wp","href":"https:\/\/api.w.org\/{rel}","templated":true}]}}