{"id":992604,"date":"2026-03-20T22:20:07","date_gmt":"2026-03-20T21:20:07","guid":{"rendered":"https:\/\/mazelka.pl\/?post_type=product&#038;p=992604"},"modified":"2026-04-08T17:47:24","modified_gmt":"2026-04-08T15:47:24","slug":"sliwka-w-czekoladzie","status":"publish","type":"product","link":"https:\/\/mazelka.pl\/?product=sliwka-w-czekoladzie","title":{"rendered":"\u015aliwka w czekoladzie"},"content":{"rendered":"<div class=\"vgblk-rw-wrapper limit-wrapper\">\n<p data-start=\"106\" data-end=\"363\">\u015aliwka w czekoladzie<\/p>\n<p data-start=\"1144\" data-end=\"1364\">Sk\u0142adniki: \u015bliwka suszona bez pestek (57%), polewa cukiernicza (30%) (cukier bia\u0142y, ca\u0142kowicie uwodorniony t\u0142uszcz ro\u015blinny, kakao w proszku, emulgator (lecytyna sojowa E322), aromat \u201eCzekolada\u201d, wanilina, s\u00f3l), cukier<\/p>\n<p data-start=\"1366\" data-end=\"1402\">Warto\u015b\u0107 od\u017cywcza w 100 g produktu:<\/p>\n<ul data-start=\"1403\" data-end=\"1586\">\n<li data-section-id=\"bkcqwc\" data-start=\"1403\" data-end=\"1447\">\n<p data-start=\"1405\" data-end=\"1447\">Warto\u015b\u0107 energetyczna: 347 kcal \/ 1460 kJ<\/p>\n<\/li>\n<li data-section-id=\"mzmph0\" data-start=\"1448\" data-end=\"1468\">\n<p data-start=\"1450\" data-end=\"1468\">T\u0142uszcze: 12,8 g<\/p>\n<\/li>\n<li data-section-id=\"fw8gge\" data-start=\"1469\" data-end=\"1504\">\n<p data-start=\"1471\" data-end=\"1504\">w tym t\u0142uszcze nasycone: 10,5 g<\/p>\n<\/li>\n<li data-section-id=\"kyx0s\" data-start=\"1505\" data-end=\"1528\">\n<p data-start=\"1507\" data-end=\"1528\">W\u0119glowodany: 55,5 g<\/p>\n<\/li>\n<li data-section-id=\"1sr9uw5\" data-start=\"1529\" data-end=\"1552\">\n<p data-start=\"1531\" data-end=\"1552\">w tym cukry: 51,9 g<\/p>\n<\/li>\n<li data-section-id=\"4ptdoy\" data-start=\"1553\" data-end=\"1570\">\n<p data-start=\"1555\" data-end=\"1570\">Bia\u0142ko: 2,5 g<\/p>\n<\/li>\n<li data-section-id=\"1pj2dac\" data-start=\"1571\" data-end=\"1586\">\n<p data-start=\"1573\" data-end=\"1586\">S\u00f3l: 0,01 g<\/p>\n<\/li>\n<\/ul>\n<p data-start=\"661\" data-end=\"805\"><strong data-start=\"661\" data-end=\"682\">Kraj pochodzenia:<\/strong> Wyprodukowano w Ukraina\u00a0<br data-start=\"692\" data-end=\"695\" \/><strong data-start=\"695\" data-end=\"719\">Termin przydatno\u015bci:<\/strong> 09.08.2026r<\/p>\n<\/div>\n<p><!-- .vgblk-rw-wrapper --><\/p>\n","protected":false},"excerpt":{"rendered":"<p data-start=\"106\" data-end=\"363\">\u015aliwka w czekoladzie<\/p>\n","protected":false},"featured_media":992610,"comment_status":"closed","ping_status":"closed","template":"","meta":[],"product_brand":[],"product_cat":[137],"product_tag":[],"class_list":{"0":"post-992604","1":"product","2":"type-product","3":"status-publish","4":"has-post-thumbnail","6":"product_cat-bakalie-w-czekoladzie-praliny","8":"first","9":"instock","10":"shipping-taxable","11":"purchasable","12":"product-type-variable"},"jetpack_sharing_enabled":true,"_links":{"self":[{"href":"https:\/\/mazelka.pl\/index.php?rest_route=\/wp\/v2\/product\/992604","targetHints":{"allow":["GET"]}}],"collection":[{"href":"https:\/\/mazelka.pl\/index.php?rest_route=\/wp\/v2\/product"}],"about":[{"href":"https:\/\/mazelka.pl\/index.php?rest_route=\/wp\/v2\/types\/product"}],"replies":[{"embeddable":true,"href":"https:\/\/mazelka.pl\/index.php?rest_route=%2Fwp%2Fv2%2Fcomments&post=992604"}],"version-history":[{"count":3,"href":"https:\/\/mazelka.pl\/index.php?rest_route=\/wp\/v2\/product\/992604\/revisions"}],"predecessor-version":[{"id":992643,"href":"https:\/\/mazelka.pl\/index.php?rest_route=\/wp\/v2\/product\/992604\/revisions\/992643"}],"wp:featuredmedia":[{"embeddable":true,"href":"https:\/\/mazelka.pl\/index.php?rest_route=\/wp\/v2\/media\/992610"}],"wp:attachment":[{"href":"https:\/\/mazelka.pl\/index.php?rest_route=%2Fwp%2Fv2%2Fmedia&parent=992604"}],"wp:term":[{"taxonomy":"product_brand","embeddable":true,"href":"https:\/\/mazelka.pl\/index.php?rest_route=%2Fwp%2Fv2%2Fproduct_brand&post=992604"},{"taxonomy":"product_cat","embeddable":true,"href":"https:\/\/mazelka.pl\/index.php?rest_route=%2Fwp%2Fv2%2Fproduct_cat&post=992604"},{"taxonomy":"product_tag","embeddable":true,"href":"https:\/\/mazelka.pl\/index.php?rest_route=%2Fwp%2Fv2%2Fproduct_tag&post=992604"}],"curies":[{"name":"wp","href":"https:\/\/api.w.org\/{rel}","templated":true}]}}