{"id":992596,"date":"2026-03-20T22:18:57","date_gmt":"2026-03-20T21:18:57","guid":{"rendered":"https:\/\/mazelka.pl\/?post_type=product&#038;p=992596"},"modified":"2026-04-08T17:47:45","modified_gmt":"2026-04-08T15:47:45","slug":"daktyle-z-orzechem-wloskim-w-czekoladzie","status":"publish","type":"product","link":"https:\/\/mazelka.pl\/?product=daktyle-z-orzechem-wloskim-w-czekoladzie","title":{"rendered":"Daktyle z orzechem w\u0142oskim w czekoladzie"},"content":{"rendered":"<div class=\"vgblk-rw-wrapper limit-wrapper\">\n<p data-start=\"106\" data-end=\"363\">Daktyle z orzechem w\u0142oskim w czekoladzie<\/p>\n<p data-start=\"615\" data-end=\"865\">Sk\u0142adniki: daktyle suszone bez pestek (55%), polewa kakaowa (30%) (cukier bia\u0142y, ca\u0142kowicie uwodorniony t\u0142uszcz ro\u015blinny, kakao w proszku, emulgator sojowy lecytyna E322), aromaty (\u201eWanilia\u201d, \u201eKakao\u201d, s\u00f3l), podsuszone orzechy w\u0142oskie (5,2%), cukier<\/p>\n<p data-start=\"867\" data-end=\"903\">Warto\u015b\u0107 od\u017cywcza w 100 g produktu:<\/p>\n<ul data-start=\"904\" data-end=\"1088\">\n<li data-section-id=\"135enqg\" data-start=\"904\" data-end=\"948\">\n<p data-start=\"906\" data-end=\"948\">Warto\u015b\u0107 energetyczna: 371 kcal \/ 1553 kJ<\/p>\n<\/li>\n<li data-section-id=\"vfq321\" data-start=\"949\" data-end=\"969\">\n<p data-start=\"951\" data-end=\"969\">T\u0142uszcze: 13,4 g<\/p>\n<\/li>\n<li data-section-id=\"fw8gge\" data-start=\"970\" data-end=\"1005\">\n<p data-start=\"972\" data-end=\"1005\">w tym t\u0142uszcze nasycone: 10,5 g<\/p>\n<\/li>\n<li data-section-id=\"15z7khw\" data-start=\"1006\" data-end=\"1029\">\n<p data-start=\"1008\" data-end=\"1029\">W\u0119glowodany: 62,9 g<\/p>\n<\/li>\n<li data-section-id=\"l0grfo\" data-start=\"1030\" data-end=\"1053\">\n<p data-start=\"1032\" data-end=\"1053\">w tym cukry: 36,9 g<\/p>\n<\/li>\n<li data-section-id=\"4oemxg\" data-start=\"1054\" data-end=\"1071\">\n<p data-start=\"1056\" data-end=\"1071\">Bia\u0142ko: 2,3 g<\/p>\n<\/li>\n<li data-section-id=\"16juhis\" data-start=\"1072\" data-end=\"1088\">\n<p data-start=\"1074\" data-end=\"1088\">S\u00f3l: 0,001 g<\/p>\n<\/li>\n<\/ul>\n<p data-start=\"661\" data-end=\"805\"><strong data-start=\"661\" data-end=\"682\">Kraj pochodzenia:<\/strong> Wyprodukowano w Ukraina\u00a0<br data-start=\"692\" data-end=\"695\" \/><strong data-start=\"695\" data-end=\"719\">Termin przydatno\u015bci:<\/strong> 14.08.2026r<\/p>\n<\/div>\n<p><!-- .vgblk-rw-wrapper --><\/p>\n","protected":false},"excerpt":{"rendered":"<p data-start=\"106\" data-end=\"363\">Daktyle z orzechem w\u0142oskim w czekoladzie<\/p>\n","protected":false},"featured_media":992602,"comment_status":"closed","ping_status":"closed","template":"","meta":[],"product_brand":[],"product_cat":[137],"product_tag":[],"class_list":{"0":"post-992596","1":"product","2":"type-product","3":"status-publish","4":"has-post-thumbnail","6":"product_cat-bakalie-w-czekoladzie-praliny","8":"first","9":"instock","10":"shipping-taxable","11":"purchasable","12":"product-type-variable"},"jetpack_sharing_enabled":true,"_links":{"self":[{"href":"https:\/\/mazelka.pl\/index.php?rest_route=\/wp\/v2\/product\/992596","targetHints":{"allow":["GET"]}}],"collection":[{"href":"https:\/\/mazelka.pl\/index.php?rest_route=\/wp\/v2\/product"}],"about":[{"href":"https:\/\/mazelka.pl\/index.php?rest_route=\/wp\/v2\/types\/product"}],"replies":[{"embeddable":true,"href":"https:\/\/mazelka.pl\/index.php?rest_route=%2Fwp%2Fv2%2Fcomments&post=992596"}],"version-history":[{"count":2,"href":"https:\/\/mazelka.pl\/index.php?rest_route=\/wp\/v2\/product\/992596\/revisions"}],"predecessor-version":[{"id":992644,"href":"https:\/\/mazelka.pl\/index.php?rest_route=\/wp\/v2\/product\/992596\/revisions\/992644"}],"wp:featuredmedia":[{"embeddable":true,"href":"https:\/\/mazelka.pl\/index.php?rest_route=\/wp\/v2\/media\/992602"}],"wp:attachment":[{"href":"https:\/\/mazelka.pl\/index.php?rest_route=%2Fwp%2Fv2%2Fmedia&parent=992596"}],"wp:term":[{"taxonomy":"product_brand","embeddable":true,"href":"https:\/\/mazelka.pl\/index.php?rest_route=%2Fwp%2Fv2%2Fproduct_brand&post=992596"},{"taxonomy":"product_cat","embeddable":true,"href":"https:\/\/mazelka.pl\/index.php?rest_route=%2Fwp%2Fv2%2Fproduct_cat&post=992596"},{"taxonomy":"product_tag","embeddable":true,"href":"https:\/\/mazelka.pl\/index.php?rest_route=%2Fwp%2Fv2%2Fproduct_tag&post=992596"}],"curies":[{"name":"wp","href":"https:\/\/api.w.org\/{rel}","templated":true}]}}