{"id":992588,"date":"2026-03-20T22:17:58","date_gmt":"2026-03-20T21:17:58","guid":{"rendered":"https:\/\/mazelka.pl\/?post_type=product&#038;p=992588"},"modified":"2026-04-08T17:47:55","modified_gmt":"2026-04-08T15:47:55","slug":"brzoskwinia-z-orzechem-wloskim-w-czekoladzie","status":"publish","type":"product","link":"https:\/\/mazelka.pl\/?product=brzoskwinia-z-orzechem-wloskim-w-czekoladzie","title":{"rendered":"Brzoskwinia z orzechem w\u0142oskim w czekoladzie"},"content":{"rendered":"<div class=\"vgblk-rw-wrapper limit-wrapper\">\n<p data-start=\"106\" data-end=\"363\">Brzoskwinia z orzechem w\u0142oskim w czekoladzie<\/p>\n<p data-start=\"71\" data-end=\"317\">Sk\u0142adniki: brzoskwinia bez pestek (60%), polewa kakaowa (30%) (cukier bia\u0142y, ca\u0142kowicie uwodorniony t\u0142uszcz ro\u015blinny, kakao w proszku, emulgator sojowy lecytyna E322), aromaty (\u201eWanilia\u201d, \u201eKakao\u201d, s\u00f3l), podsuszone orzechy w\u0142oskie (6,2%), cukier<\/p>\n<p data-start=\"319\" data-end=\"355\">Warto\u015b\u0107 od\u017cywcza w 100 g produktu:<\/p>\n<ul data-start=\"356\" data-end=\"540\">\n<li data-section-id=\"1olaxsc\" data-start=\"356\" data-end=\"400\">\n<p data-start=\"358\" data-end=\"400\">Warto\u015b\u0107 energetyczna: 347 kcal \/ 1453 kJ<\/p>\n<\/li>\n<li data-section-id=\"vfq321\" data-start=\"401\" data-end=\"421\">\n<p data-start=\"403\" data-end=\"421\">T\u0142uszcze: 13,4 g<\/p>\n<\/li>\n<li data-section-id=\"fw8gge\" data-start=\"422\" data-end=\"457\">\n<p data-start=\"424\" data-end=\"457\">w tym t\u0142uszcze nasycone: 10,5 g<\/p>\n<\/li>\n<li data-section-id=\"1rbpxd7\" data-start=\"458\" data-end=\"481\">\n<p data-start=\"460\" data-end=\"481\">W\u0119glowodany: 54,3 g<\/p>\n<\/li>\n<li data-section-id=\"1sr9uw5\" data-start=\"482\" data-end=\"505\">\n<p data-start=\"484\" data-end=\"505\">w tym cukry: 51,9 g<\/p>\n<\/li>\n<li data-section-id=\"124oufk\" data-start=\"506\" data-end=\"523\">\n<p data-start=\"508\" data-end=\"523\">Bia\u0142ko: 4,1 g<\/p>\n<\/li>\n<li data-section-id=\"16juhis\" data-start=\"524\" data-end=\"540\">\n<p data-start=\"526\" data-end=\"540\">S\u00f3l: 0,001 g<\/p>\n<\/li>\n<\/ul>\n<p data-start=\"661\" data-end=\"805\"><strong data-start=\"661\" data-end=\"682\">Kraj pochodzenia:<\/strong> Wyprodukowano w Ukraina\u00a0<br data-start=\"692\" data-end=\"695\" \/><strong data-start=\"695\" data-end=\"719\">Termin przydatno\u015bci:<\/strong> 09.08.2026r<\/p>\n<\/div>\n<p><!-- .vgblk-rw-wrapper --><\/p>\n","protected":false},"excerpt":{"rendered":"<p data-start=\"106\" data-end=\"363\">Brzoskwinia z orzechem w\u0142oskim w czekoladzie<\/p>\n","protected":false},"featured_media":992594,"comment_status":"closed","ping_status":"closed","template":"","meta":[],"product_brand":[],"product_cat":[137],"product_tag":[],"class_list":{"0":"post-992588","1":"product","2":"type-product","3":"status-publish","4":"has-post-thumbnail","6":"product_cat-bakalie-w-czekoladzie-praliny","8":"first","9":"instock","10":"shipping-taxable","11":"purchasable","12":"product-type-variable"},"jetpack_sharing_enabled":true,"_links":{"self":[{"href":"https:\/\/mazelka.pl\/index.php?rest_route=\/wp\/v2\/product\/992588","targetHints":{"allow":["GET"]}}],"collection":[{"href":"https:\/\/mazelka.pl\/index.php?rest_route=\/wp\/v2\/product"}],"about":[{"href":"https:\/\/mazelka.pl\/index.php?rest_route=\/wp\/v2\/types\/product"}],"replies":[{"embeddable":true,"href":"https:\/\/mazelka.pl\/index.php?rest_route=%2Fwp%2Fv2%2Fcomments&post=992588"}],"version-history":[{"count":2,"href":"https:\/\/mazelka.pl\/index.php?rest_route=\/wp\/v2\/product\/992588\/revisions"}],"predecessor-version":[{"id":992645,"href":"https:\/\/mazelka.pl\/index.php?rest_route=\/wp\/v2\/product\/992588\/revisions\/992645"}],"wp:featuredmedia":[{"embeddable":true,"href":"https:\/\/mazelka.pl\/index.php?rest_route=\/wp\/v2\/media\/992594"}],"wp:attachment":[{"href":"https:\/\/mazelka.pl\/index.php?rest_route=%2Fwp%2Fv2%2Fmedia&parent=992588"}],"wp:term":[{"taxonomy":"product_brand","embeddable":true,"href":"https:\/\/mazelka.pl\/index.php?rest_route=%2Fwp%2Fv2%2Fproduct_brand&post=992588"},{"taxonomy":"product_cat","embeddable":true,"href":"https:\/\/mazelka.pl\/index.php?rest_route=%2Fwp%2Fv2%2Fproduct_cat&post=992588"},{"taxonomy":"product_tag","embeddable":true,"href":"https:\/\/mazelka.pl\/index.php?rest_route=%2Fwp%2Fv2%2Fproduct_tag&post=992588"}],"curies":[{"name":"wp","href":"https:\/\/api.w.org\/{rel}","templated":true}]}}