{"id":992580,"date":"2026-03-20T22:14:18","date_gmt":"2026-03-20T21:14:18","guid":{"rendered":"https:\/\/mazelka.pl\/?post_type=product&#038;p=992580"},"modified":"2026-04-08T17:48:04","modified_gmt":"2026-04-08T15:48:04","slug":"sliwka-z-orzechem-wloskim-w-czekoladzie","status":"publish","type":"product","link":"https:\/\/mazelka.pl\/?product=sliwka-z-orzechem-wloskim-w-czekoladzie","title":{"rendered":"\u015aliwka z orzechem w\u0142oskim w czekoladzie"},"content":{"rendered":"<div class=\"vgblk-rw-wrapper limit-wrapper\">\n<p data-start=\"106\" data-end=\"363\">\u015aliwka z orzechem w\u0142oskim w czekoladzie<\/p>\n<p data-start=\"509\" data-end=\"760\">Sk\u0142adniki: \u015bliwka suszona bez pestek (57%), polewa kakaowa (30%) (cukier bia\u0142y, ca\u0142kowicie uwodorniony t\u0142uszcz ro\u015blinny, kakao w proszku, emulgator (sojowy lecytyna E322), aromaty: \u201eWanilina\u201d, \u201eKakao\u201d, s\u00f3l), podsuszone orzechy w\u0142oskie (6,3%), cukier<\/p>\n<p data-start=\"762\" data-end=\"798\">Warto\u015b\u0107 od\u017cywcza w 100 g produktu:<\/p>\n<ul data-start=\"799\" data-end=\"983\">\n<li data-section-id=\"s1g6tf\" data-start=\"799\" data-end=\"843\">\n<p data-start=\"801\" data-end=\"843\">Warto\u015b\u0107 energetyczna: 349 kcal \/ 1461 kJ<\/p>\n<\/li>\n<li data-section-id=\"vfq321\" data-start=\"844\" data-end=\"864\">\n<p data-start=\"846\" data-end=\"864\">T\u0142uszcze: 13,4 g<\/p>\n<\/li>\n<li data-section-id=\"fw8gge\" data-start=\"865\" data-end=\"900\">\n<p data-start=\"867\" data-end=\"900\">w tym t\u0142uszcze nasycone: 10,5 g<\/p>\n<\/li>\n<li data-section-id=\"lps4p\" data-start=\"901\" data-end=\"924\">\n<p data-start=\"903\" data-end=\"924\">W\u0119glowodany: 55,0 g<\/p>\n<\/li>\n<li data-section-id=\"1syztt8\" data-start=\"925\" data-end=\"948\">\n<p data-start=\"927\" data-end=\"948\">w tym cukry: 51,0 g<\/p>\n<\/li>\n<li data-section-id=\"4oemxg\" data-start=\"949\" data-end=\"966\">\n<p data-start=\"951\" data-end=\"966\">Bia\u0142ko: 2,3 g<\/p>\n<\/li>\n<li data-section-id=\"16juhis\" data-start=\"967\" data-end=\"983\">\n<p data-start=\"969\" data-end=\"983\">S\u00f3l: 0,001 g<\/p>\n<\/li>\n<\/ul>\n<p data-start=\"661\" data-end=\"805\"><strong data-start=\"661\" data-end=\"682\">Kraj pochodzenia:<\/strong> Wyprodukowano w Ukraina\u00a0<br data-start=\"692\" data-end=\"695\" \/><strong data-start=\"695\" data-end=\"719\">Termin przydatno\u015bci:<\/strong> 09.08.2026r<\/p>\n<\/div>\n<p><!-- .vgblk-rw-wrapper --><\/p>\n","protected":false},"excerpt":{"rendered":"<p data-start=\"106\" data-end=\"363\">\u015aliwka z orzechem w\u0142oskim w czekoladzie<\/p>\n","protected":false},"featured_media":992586,"comment_status":"closed","ping_status":"closed","template":"","meta":[],"product_brand":[],"product_cat":[137],"product_tag":[],"class_list":{"0":"post-992580","1":"product","2":"type-product","3":"status-publish","4":"has-post-thumbnail","6":"product_cat-bakalie-w-czekoladzie-praliny","8":"first","9":"instock","10":"shipping-taxable","11":"purchasable","12":"product-type-variable"},"jetpack_sharing_enabled":true,"_links":{"self":[{"href":"https:\/\/mazelka.pl\/index.php?rest_route=\/wp\/v2\/product\/992580","targetHints":{"allow":["GET"]}}],"collection":[{"href":"https:\/\/mazelka.pl\/index.php?rest_route=\/wp\/v2\/product"}],"about":[{"href":"https:\/\/mazelka.pl\/index.php?rest_route=\/wp\/v2\/types\/product"}],"replies":[{"embeddable":true,"href":"https:\/\/mazelka.pl\/index.php?rest_route=%2Fwp%2Fv2%2Fcomments&post=992580"}],"version-history":[{"count":2,"href":"https:\/\/mazelka.pl\/index.php?rest_route=\/wp\/v2\/product\/992580\/revisions"}],"predecessor-version":[{"id":992646,"href":"https:\/\/mazelka.pl\/index.php?rest_route=\/wp\/v2\/product\/992580\/revisions\/992646"}],"wp:featuredmedia":[{"embeddable":true,"href":"https:\/\/mazelka.pl\/index.php?rest_route=\/wp\/v2\/media\/992586"}],"wp:attachment":[{"href":"https:\/\/mazelka.pl\/index.php?rest_route=%2Fwp%2Fv2%2Fmedia&parent=992580"}],"wp:term":[{"taxonomy":"product_brand","embeddable":true,"href":"https:\/\/mazelka.pl\/index.php?rest_route=%2Fwp%2Fv2%2Fproduct_brand&post=992580"},{"taxonomy":"product_cat","embeddable":true,"href":"https:\/\/mazelka.pl\/index.php?rest_route=%2Fwp%2Fv2%2Fproduct_cat&post=992580"},{"taxonomy":"product_tag","embeddable":true,"href":"https:\/\/mazelka.pl\/index.php?rest_route=%2Fwp%2Fv2%2Fproduct_tag&post=992580"}],"curies":[{"name":"wp","href":"https:\/\/api.w.org\/{rel}","templated":true}]}}