{"id":992572,"date":"2026-03-20T22:13:20","date_gmt":"2026-03-20T21:13:20","guid":{"rendered":"https:\/\/mazelka.pl\/?post_type=product&#038;p=992572"},"modified":"2026-04-08T17:48:14","modified_gmt":"2026-04-08T15:48:14","slug":"kokosowy-cud-w-czekoladzie","status":"publish","type":"product","link":"https:\/\/mazelka.pl\/?product=kokosowy-cud-w-czekoladzie","title":{"rendered":"Kokosowy Cud w czekoladzie"},"content":{"rendered":"<div class=\"vgblk-rw-wrapper limit-wrapper\">\n<p data-start=\"106\" data-end=\"363\">Kokosowy Cud w czekoladzie<\/p>\n<p data-start=\"53\" data-end=\"212\">Sk\u0142adniki: wi\u00f3rki kokosowe (40%), polewa kakaowa (cukier bia\u0142y, ca\u0142kowicie uwodorniony t\u0142uszcz ro\u015blinny, kakao w proszku, emulgator (lecytyna E322), aromaty)<\/p>\n<p data-start=\"214\" data-end=\"250\">Warto\u015b\u0107 od\u017cywcza w 100 g produktu:<\/p>\n<ul data-start=\"251\" data-end=\"435\">\n<li data-section-id=\"7qpd3f\" data-start=\"251\" data-end=\"295\">\n<p data-start=\"253\" data-end=\"295\">Warto\u015b\u0107 energetyczna: 410 kcal \/ 1716 kJ<\/p>\n<\/li>\n<li data-section-id=\"zod597\" data-start=\"296\" data-end=\"316\">\n<p data-start=\"298\" data-end=\"316\">T\u0142uszcze: 23,5 g<\/p>\n<\/li>\n<li data-section-id=\"qei416\" data-start=\"317\" data-end=\"352\">\n<p data-start=\"319\" data-end=\"352\">w tym t\u0142uszcze nasycone: 21,3 g<\/p>\n<\/li>\n<li data-section-id=\"7ewywz\" data-start=\"353\" data-end=\"376\">\n<p data-start=\"355\" data-end=\"376\">W\u0119glowodany: 46,8 g<\/p>\n<\/li>\n<li data-section-id=\"1cxnc78\" data-start=\"377\" data-end=\"400\">\n<p data-start=\"379\" data-end=\"400\">w tym cukry: 40,8 g<\/p>\n<\/li>\n<li data-section-id=\"1jmi8wk\" data-start=\"401\" data-end=\"418\">\n<p data-start=\"403\" data-end=\"418\">Bia\u0142ko: 3,2 g<\/p>\n<\/li>\n<li data-section-id=\"1625kt9\" data-start=\"419\" data-end=\"435\">\n<p data-start=\"421\" data-end=\"435\">S\u00f3l: 0,019 g<\/p>\n<\/li>\n<\/ul>\n<p data-start=\"661\" data-end=\"805\"><strong data-start=\"661\" data-end=\"682\">Kraj pochodzenia:<\/strong> Wyprodukowano w Ukraina\u00a0<br data-start=\"692\" data-end=\"695\" \/><strong data-start=\"695\" data-end=\"719\">Termin przydatno\u015bci:<\/strong> 04.08.2026r<\/p>\n<\/div>\n<p><!-- .vgblk-rw-wrapper --><\/p>\n","protected":false},"excerpt":{"rendered":"<p data-start=\"106\" data-end=\"363\">Kokosowy Cud w czekoladzie<\/p>\n","protected":false},"featured_media":992578,"comment_status":"closed","ping_status":"closed","template":"","meta":[],"product_brand":[],"product_cat":[137],"product_tag":[],"class_list":{"0":"post-992572","1":"product","2":"type-product","3":"status-publish","4":"has-post-thumbnail","6":"product_cat-bakalie-w-czekoladzie-praliny","8":"first","9":"instock","10":"shipping-taxable","11":"purchasable","12":"product-type-variable"},"jetpack_sharing_enabled":true,"_links":{"self":[{"href":"https:\/\/mazelka.pl\/index.php?rest_route=\/wp\/v2\/product\/992572","targetHints":{"allow":["GET"]}}],"collection":[{"href":"https:\/\/mazelka.pl\/index.php?rest_route=\/wp\/v2\/product"}],"about":[{"href":"https:\/\/mazelka.pl\/index.php?rest_route=\/wp\/v2\/types\/product"}],"replies":[{"embeddable":true,"href":"https:\/\/mazelka.pl\/index.php?rest_route=%2Fwp%2Fv2%2Fcomments&post=992572"}],"version-history":[{"count":2,"href":"https:\/\/mazelka.pl\/index.php?rest_route=\/wp\/v2\/product\/992572\/revisions"}],"predecessor-version":[{"id":992647,"href":"https:\/\/mazelka.pl\/index.php?rest_route=\/wp\/v2\/product\/992572\/revisions\/992647"}],"wp:featuredmedia":[{"embeddable":true,"href":"https:\/\/mazelka.pl\/index.php?rest_route=\/wp\/v2\/media\/992578"}],"wp:attachment":[{"href":"https:\/\/mazelka.pl\/index.php?rest_route=%2Fwp%2Fv2%2Fmedia&parent=992572"}],"wp:term":[{"taxonomy":"product_brand","embeddable":true,"href":"https:\/\/mazelka.pl\/index.php?rest_route=%2Fwp%2Fv2%2Fproduct_brand&post=992572"},{"taxonomy":"product_cat","embeddable":true,"href":"https:\/\/mazelka.pl\/index.php?rest_route=%2Fwp%2Fv2%2Fproduct_cat&post=992572"},{"taxonomy":"product_tag","embeddable":true,"href":"https:\/\/mazelka.pl\/index.php?rest_route=%2Fwp%2Fv2%2Fproduct_tag&post=992572"}],"curies":[{"name":"wp","href":"https:\/\/api.w.org\/{rel}","templated":true}]}}