{"id":992564,"date":"2026-03-20T22:11:36","date_gmt":"2026-03-20T21:11:36","guid":{"rendered":"https:\/\/mazelka.pl\/?post_type=product&#038;p=992564"},"modified":"2026-04-08T17:48:24","modified_gmt":"2026-04-08T15:48:24","slug":"sliwka-morela-z-orzechem-wloskim-w-czekoladzie","status":"publish","type":"product","link":"https:\/\/mazelka.pl\/?product=sliwka-morela-z-orzechem-wloskim-w-czekoladzie","title":{"rendered":"\u015aliwka + morela z orzechem w\u0142oskim w czekoladzie"},"content":{"rendered":"<div class=\"vgblk-rw-wrapper limit-wrapper\">\n<p data-start=\"106\" data-end=\"363\">\u015aliwka + morela z orzechem w\u0142oskim w czekoladzie<\/p>\n<p data-start=\"1607\" data-end=\"1914\">Sk\u0142adniki: \u015bliwka suszona bez pestek (26%), morela suszona (26%), polewa kakaowa (30%) (cukier bia\u0142y, ca\u0142kowicie uwodorniony t\u0142uszcz ro\u015blinny, kakao w proszku, emulgator (sojowy lecytyna E322), aromaty: \u201eWanilina\u201d, \u201eKakao\u201d, s\u00f3l), podsuszone orzechy w\u0142oskie (6,4%), cukier. Wyprodukowane bez stosowania GMO<\/p>\n<p data-start=\"1916\" data-end=\"1952\">Warto\u015b\u0107 od\u017cywcza w 100 g produktu:<\/p>\n<ul data-start=\"1953\" data-end=\"2135\" data-is-last-node=\"\" data-is-only-node=\"\">\n<li data-section-id=\"i5isoy\" data-start=\"1953\" data-end=\"1997\">\n<p data-start=\"1955\" data-end=\"1997\">Warto\u015b\u0107 energetyczna: 351 kcal \/ 1469 kJ<\/p>\n<\/li>\n<li data-section-id=\"vfq321\" data-start=\"1998\" data-end=\"2018\">\n<p data-start=\"2000\" data-end=\"2018\">T\u0142uszcze: 13,4 g<\/p>\n<\/li>\n<li data-section-id=\"fw8gge\" data-start=\"2019\" data-end=\"2054\">\n<p data-start=\"2021\" data-end=\"2054\">w tym t\u0142uszcze nasycone: 10,5 g<\/p>\n<\/li>\n<li data-section-id=\"mdnsa\" data-start=\"2055\" data-end=\"2078\">\n<p data-start=\"2057\" data-end=\"2078\">W\u0119glowodany: 55,3 g<\/p>\n<\/li>\n<li data-section-id=\"l6uz1l\" data-start=\"2079\" data-end=\"2102\">\n<p data-start=\"2081\" data-end=\"2102\">w tym cukry: 36,4 g<\/p>\n<\/li>\n<li data-section-id=\"1jpbqfk\" data-start=\"2103\" data-end=\"2120\">\n<p data-start=\"2105\" data-end=\"2120\">Bia\u0142ko: 3,6 g<\/p>\n<\/li>\n<li data-section-id=\"1wlagc4\" data-start=\"2121\" data-end=\"2135\" data-is-last-node=\"\">\n<p data-start=\"2123\" data-end=\"2135\" data-is-last-node=\"\">S\u00f3l: 0,001 g<\/p>\n<\/li>\n<\/ul>\n<p data-start=\"661\" data-end=\"805\"><strong data-start=\"661\" data-end=\"682\">Kraj pochodzenia:<\/strong> Wyprodukowano w Ukraina\u00a0<br data-start=\"692\" data-end=\"695\" \/><strong data-start=\"695\" data-end=\"719\">Termin przydatno\u015bci:<\/strong> 09.08.2026r<\/p>\n<\/div>\n<p><!-- .vgblk-rw-wrapper --><\/p>\n","protected":false},"excerpt":{"rendered":"<p data-start=\"106\" data-end=\"363\">\u015aliwka + morela z orzechem w\u0142oskim w czekoladzie<\/p>\n","protected":false},"featured_media":992570,"comment_status":"closed","ping_status":"closed","template":"","meta":[],"product_brand":[],"product_cat":[137],"product_tag":[],"class_list":{"0":"post-992564","1":"product","2":"type-product","3":"status-publish","4":"has-post-thumbnail","6":"product_cat-bakalie-w-czekoladzie-praliny","8":"first","9":"instock","10":"shipping-taxable","11":"purchasable","12":"product-type-variable"},"jetpack_sharing_enabled":true,"_links":{"self":[{"href":"https:\/\/mazelka.pl\/index.php?rest_route=\/wp\/v2\/product\/992564","targetHints":{"allow":["GET"]}}],"collection":[{"href":"https:\/\/mazelka.pl\/index.php?rest_route=\/wp\/v2\/product"}],"about":[{"href":"https:\/\/mazelka.pl\/index.php?rest_route=\/wp\/v2\/types\/product"}],"replies":[{"embeddable":true,"href":"https:\/\/mazelka.pl\/index.php?rest_route=%2Fwp%2Fv2%2Fcomments&post=992564"}],"version-history":[{"count":2,"href":"https:\/\/mazelka.pl\/index.php?rest_route=\/wp\/v2\/product\/992564\/revisions"}],"predecessor-version":[{"id":992648,"href":"https:\/\/mazelka.pl\/index.php?rest_route=\/wp\/v2\/product\/992564\/revisions\/992648"}],"wp:featuredmedia":[{"embeddable":true,"href":"https:\/\/mazelka.pl\/index.php?rest_route=\/wp\/v2\/media\/992570"}],"wp:attachment":[{"href":"https:\/\/mazelka.pl\/index.php?rest_route=%2Fwp%2Fv2%2Fmedia&parent=992564"}],"wp:term":[{"taxonomy":"product_brand","embeddable":true,"href":"https:\/\/mazelka.pl\/index.php?rest_route=%2Fwp%2Fv2%2Fproduct_brand&post=992564"},{"taxonomy":"product_cat","embeddable":true,"href":"https:\/\/mazelka.pl\/index.php?rest_route=%2Fwp%2Fv2%2Fproduct_cat&post=992564"},{"taxonomy":"product_tag","embeddable":true,"href":"https:\/\/mazelka.pl\/index.php?rest_route=%2Fwp%2Fv2%2Fproduct_tag&post=992564"}],"curies":[{"name":"wp","href":"https:\/\/api.w.org\/{rel}","templated":true}]}}