{"id":992556,"date":"2026-03-20T22:08:43","date_gmt":"2026-03-20T21:08:43","guid":{"rendered":"https:\/\/mazelka.pl\/?post_type=product&#038;p=992556"},"modified":"2026-04-14T12:48:20","modified_gmt":"2026-04-14T10:48:20","slug":"zelki-misie-w-mlecznej-czekoladzie-slodkie","status":"publish","type":"product","link":"https:\/\/mazelka.pl\/?product=zelki-misie-w-mlecznej-czekoladzie-slodkie","title":{"rendered":"Galaretki owocowe &#8222;Misie&#8221; w mlecznej czekoladzie"},"content":{"rendered":"<div class=\"vgblk-rw-wrapper limit-wrapper\">\n<p data-start=\"106\" data-end=\"363\">Galaretki owocowe &#8222;Misie&#8221; w mlecznej czekoladzie<\/p>\n<p><strong>Sk\u0142adniki<\/strong>: syrop glukozowy, cukier, woda, substancja utrzymuj\u0105ca wilgo\u0107 (sorbitole), substancja \u017celuj\u0105ca (karagen), regulatory kwasowo\u015bci (kwas mlekowy, kwas cytrynowy, cytryniany sodu), substancja zag\u0119szczaj\u0105ca (E1422), aromaty, substancja nab\u0142yszczaj\u0105ca (E901), zag\u0119szczone soki owocowe (0,1%) (cytrynowy, pomara\u0144czowy, truskawkowy, grejpfrutowy, \u017curawinowy), barwniki (E163, E160c, E100, E160a, E171, E132),<br data-start=\"418\" data-end=\"421\" \/>Nadzienie &#8211; 12%<\/p>\n<p data-start=\"438\" data-end=\"463\"><strong data-start=\"441\" data-end=\"463\">Warto\u015bci od\u017cywcze:<\/strong><\/p>\n<p data-start=\"465\" data-end=\"602\" data-is-last-node=\"\" data-is-only-node=\"\">\u2022 Warto\u015b\u0107 energetyczna: 1565 kJ \/ 370 kcal<br data-start=\"507\" data-end=\"510\" \/>\u2022 T\u0142uszcz: 6,5 g<br data-start=\"526\" data-end=\"529\" \/>\u2022 W\u0119glowodany: 75,3 g<br data-start=\"550\" data-end=\"553\" \/>\u2022 Cukry: 57,3 g<br data-start=\"568\" data-end=\"571\" \/>\u2022 Bia\u0142ko: 1,3 g<br data-start=\"586\" data-end=\"589\" \/>\u2022 S\u00f3l: 0,28 g<\/p>\n<p data-start=\"661\" data-end=\"805\"><strong data-start=\"661\" data-end=\"682\">Kraj pochodzenia:<\/strong> Wyprodukowano w UE\u00a0<br data-start=\"692\" data-end=\"695\" \/><strong data-start=\"695\" data-end=\"719\">Termin przydatno\u015bci:<\/strong> 14.12.2027<\/p>\n<\/div>\n<p><!-- .vgblk-rw-wrapper --><\/p>\n","protected":false},"excerpt":{"rendered":"<p data-start=\"106\" data-end=\"363\">Galaretki owocowe &#8222;Misie&#8221; w mlecznej czekoladzie<\/p>\n","protected":false},"featured_media":992562,"comment_status":"closed","ping_status":"closed","template":"","meta":[],"product_brand":[],"product_cat":[135,44,76],"product_tag":[],"class_list":{"0":"post-992556","1":"product","2":"type-product","3":"status-publish","4":"has-post-thumbnail","6":"product_cat-nowosci","7":"product_cat-zelki","8":"product_cat-slodkie","10":"first","11":"instock","12":"shipping-taxable","13":"purchasable","14":"product-type-variable"},"jetpack_sharing_enabled":true,"_links":{"self":[{"href":"https:\/\/mazelka.pl\/index.php?rest_route=\/wp\/v2\/product\/992556","targetHints":{"allow":["GET"]}}],"collection":[{"href":"https:\/\/mazelka.pl\/index.php?rest_route=\/wp\/v2\/product"}],"about":[{"href":"https:\/\/mazelka.pl\/index.php?rest_route=\/wp\/v2\/types\/product"}],"replies":[{"embeddable":true,"href":"https:\/\/mazelka.pl\/index.php?rest_route=%2Fwp%2Fv2%2Fcomments&post=992556"}],"version-history":[{"count":5,"href":"https:\/\/mazelka.pl\/index.php?rest_route=\/wp\/v2\/product\/992556\/revisions"}],"predecessor-version":[{"id":992767,"href":"https:\/\/mazelka.pl\/index.php?rest_route=\/wp\/v2\/product\/992556\/revisions\/992767"}],"wp:featuredmedia":[{"embeddable":true,"href":"https:\/\/mazelka.pl\/index.php?rest_route=\/wp\/v2\/media\/992562"}],"wp:attachment":[{"href":"https:\/\/mazelka.pl\/index.php?rest_route=%2Fwp%2Fv2%2Fmedia&parent=992556"}],"wp:term":[{"taxonomy":"product_brand","embeddable":true,"href":"https:\/\/mazelka.pl\/index.php?rest_route=%2Fwp%2Fv2%2Fproduct_brand&post=992556"},{"taxonomy":"product_cat","embeddable":true,"href":"https:\/\/mazelka.pl\/index.php?rest_route=%2Fwp%2Fv2%2Fproduct_cat&post=992556"},{"taxonomy":"product_tag","embeddable":true,"href":"https:\/\/mazelka.pl\/index.php?rest_route=%2Fwp%2Fv2%2Fproduct_tag&post=992556"}],"curies":[{"name":"wp","href":"https:\/\/api.w.org\/{rel}","templated":true}]}}