{"id":992546,"date":"2026-03-20T21:51:25","date_gmt":"2026-03-20T20:51:25","guid":{"rendered":"https:\/\/mazelka.pl\/?post_type=product&#038;p=992546"},"modified":"2026-04-08T17:48:36","modified_gmt":"2026-04-08T15:48:36","slug":"sliwka-z-orzechem-wloskim-w-bialej-czekoladzie","status":"publish","type":"product","link":"https:\/\/mazelka.pl\/?product=sliwka-z-orzechem-wloskim-w-bialej-czekoladzie","title":{"rendered":"\u015aliwka z orzechem w\u0142oskim w bia\u0142ej czekoladzie"},"content":{"rendered":"<div class=\"vgblk-rw-wrapper limit-wrapper\">\n<p data-start=\"106\" data-end=\"363\">\u015aliwka z orzechem w\u0142oskim w bia\u0142ej czekoladzie<\/p>\n<p data-start=\"37\" data-end=\"343\"><strong data-start=\"39\" data-end=\"53\">Sk\u0142adniki:<\/strong> suszone \u015bliwki bez pestek (57%), polewa cukiernicza (30%) (cukier bia\u0142y, t\u0142uszcz ro\u015blinny w pe\u0142ni uwodorniony, stearyna z ziaren palmowych), proszek kakaowy, emulgator (lecytyna sojowa), aromaty: \u201ewanilina\u201d, \u201ekakao\u201d, s\u00f3l), cukier bia\u0142y, suszone j\u0105dro orzecha w\u0142oskiego (6,3), cukier bia\u0142y.<\/p>\n<p data-start=\"350\" data-end=\"570\" data-is-last-node=\"\" data-is-only-node=\"\"><strong data-start=\"352\" data-end=\"395\">Warto\u015b\u0107 energetyczna na 100 g produktu:<\/strong> 349 kcal \/ 1461 kJ.<br data-start=\"415\" data-end=\"418\" \/><strong data-start=\"418\" data-end=\"457\">Warto\u015b\u0107 od\u017cywcza na 100 g produktu:<\/strong> bia\u0142ka \u2013 2,3 g, t\u0142uszcze \u2013 13,4 g, w tym t\u0142uszcze nasycone \u2013 10,5 g, w\u0119glowodany \u2013 55,0 g, w tym cukry \u2013 51,0 g.<\/p>\n<p data-start=\"661\" data-end=\"805\"><strong data-start=\"661\" data-end=\"682\">Kraj pochodzenia:<\/strong> Wyprodukowano w Ukraina\u00a0<br data-start=\"692\" data-end=\"695\" \/><strong data-start=\"695\" data-end=\"719\">Termin przydatno\u015bci:<\/strong> 09.08.2026r<\/p>\n<\/div>\n<p><!-- .vgblk-rw-wrapper --><\/p>\n","protected":false},"excerpt":{"rendered":"<p data-start=\"106\" data-end=\"363\">\u015aliwka z orzechem w\u0142oskim w bia\u0142ej czekoladzie<\/p>\n","protected":false},"featured_media":992552,"comment_status":"closed","ping_status":"closed","template":"","meta":[],"product_brand":[],"product_cat":[137],"product_tag":[],"class_list":{"0":"post-992546","1":"product","2":"type-product","3":"status-publish","4":"has-post-thumbnail","6":"product_cat-bakalie-w-czekoladzie-praliny","8":"first","9":"instock","10":"shipping-taxable","11":"purchasable","12":"product-type-variable"},"jetpack_sharing_enabled":true,"_links":{"self":[{"href":"https:\/\/mazelka.pl\/index.php?rest_route=\/wp\/v2\/product\/992546","targetHints":{"allow":["GET"]}}],"collection":[{"href":"https:\/\/mazelka.pl\/index.php?rest_route=\/wp\/v2\/product"}],"about":[{"href":"https:\/\/mazelka.pl\/index.php?rest_route=\/wp\/v2\/types\/product"}],"replies":[{"embeddable":true,"href":"https:\/\/mazelka.pl\/index.php?rest_route=%2Fwp%2Fv2%2Fcomments&post=992546"}],"version-history":[{"count":2,"href":"https:\/\/mazelka.pl\/index.php?rest_route=\/wp\/v2\/product\/992546\/revisions"}],"predecessor-version":[{"id":992652,"href":"https:\/\/mazelka.pl\/index.php?rest_route=\/wp\/v2\/product\/992546\/revisions\/992652"}],"wp:featuredmedia":[{"embeddable":true,"href":"https:\/\/mazelka.pl\/index.php?rest_route=\/wp\/v2\/media\/992552"}],"wp:attachment":[{"href":"https:\/\/mazelka.pl\/index.php?rest_route=%2Fwp%2Fv2%2Fmedia&parent=992546"}],"wp:term":[{"taxonomy":"product_brand","embeddable":true,"href":"https:\/\/mazelka.pl\/index.php?rest_route=%2Fwp%2Fv2%2Fproduct_brand&post=992546"},{"taxonomy":"product_cat","embeddable":true,"href":"https:\/\/mazelka.pl\/index.php?rest_route=%2Fwp%2Fv2%2Fproduct_cat&post=992546"},{"taxonomy":"product_tag","embeddable":true,"href":"https:\/\/mazelka.pl\/index.php?rest_route=%2Fwp%2Fv2%2Fproduct_tag&post=992546"}],"curies":[{"name":"wp","href":"https:\/\/api.w.org\/{rel}","templated":true}]}}