{"id":992174,"date":"2026-02-11T15:26:53","date_gmt":"2026-02-11T14:26:53","guid":{"rendered":"https:\/\/mazelka.pl\/?post_type=product&#038;p=992174"},"modified":"2026-03-13T13:08:09","modified_gmt":"2026-03-13T12:08:09","slug":"zelki-spaghetti-zielone-jablko-mocno-kwasne","status":"publish","type":"product","link":"https:\/\/mazelka.pl\/?product=zelki-spaghetti-zielone-jablko-mocno-kwasne","title":{"rendered":"\u017belki &#8222;Spaghetti Zielone jab\u0142ko&#8221; mocno kwa\u015bne"},"content":{"rendered":"<div class=\"vgblk-rw-wrapper limit-wrapper\">\n<p data-start=\"106\" data-end=\"363\">\u017belki &#8222;Spaghetti Zielone jab\u0142ko&#8221; mocno kwa\u015bne<\/p>\n<p>Sk\u0142adniki: syrop glukozowy, cukier, \u017celatyna spo\u017cywcza, koncentraty owocowe i warzywne, kwasy: kwas cytrynowy, kwas mlekowy, aromaty, barwniki: karmin, kurkumina, b\u0142\u0119kit brylantowy FCF, substancje glazuruj\u0105ce: wosk pszczeli bia\u0142y i \u017c\u00f3\u0142ty, wosk carnauba.<\/p>\n<p data-start=\"365\" data-end=\"439\">Mo\u017ce zawiera\u0107 \u015bladowe ilo\u015bci mleka oraz m\u0105ki zbo\u017cowej zawieraj\u0105cej gluten.<\/p>\n<p data-start=\"441\" data-end=\"470\"><strong data-start=\"441\" data-end=\"470\">Warto\u015b\u0107 od\u017cywcza w 100 g:<\/strong><\/p>\n<ul data-start=\"471\" data-end=\"659\">\n<li data-start=\"471\" data-end=\"515\">\n<p data-start=\"473\" data-end=\"515\">Warto\u015b\u0107 energetyczna: 1409 kJ \/ 332 kcal<\/p>\n<\/li>\n<li data-start=\"516\" data-end=\"579\">\n<p data-start=\"518\" data-end=\"534\">T\u0142uszcz: 0,2 g<\/p>\n<ul data-start=\"537\" data-end=\"579\">\n<li data-start=\"537\" data-end=\"579\">\n<p data-start=\"539\" data-end=\"579\">w tym kwasy t\u0142uszczowe nasycone: 0,2 g<\/p>\n<\/li>\n<\/ul>\n<\/li>\n<li data-start=\"580\" data-end=\"625\">\n<p data-start=\"582\" data-end=\"601\">W\u0119glowodany: 76 g<\/p>\n<ul data-start=\"604\" data-end=\"625\">\n<li data-start=\"604\" data-end=\"625\">\n<p data-start=\"606\" data-end=\"625\">w tym cukry: 50 g<\/p>\n<\/li>\n<\/ul>\n<\/li>\n<li data-start=\"626\" data-end=\"643\">\n<p data-start=\"628\" data-end=\"643\">Bia\u0142ko: 5,3 g<\/p>\n<\/li>\n<li data-start=\"644\" data-end=\"659\">\n<p data-start=\"646\" data-end=\"659\">S\u00f3l: &lt;0,2 g<\/p>\n<\/li>\n<\/ul>\n<p data-start=\"661\" data-end=\"805\"><strong data-start=\"661\" data-end=\"682\">Kraj pochodzenia:<\/strong> Wyprodukowano w UE\u00a0<br data-start=\"692\" data-end=\"695\" \/><strong data-start=\"695\" data-end=\"719\">Termin przydatno\u015bci:<\/strong> Dok\u0142adna data znajduje si\u0119 na opakowaniu, ale czas nie b\u0119dzie kr\u00f3tszy ni\u017c 2 miesi\u0105ce.<\/p>\n<\/div>\n<p><!-- .vgblk-rw-wrapper --><\/p>\n","protected":false},"excerpt":{"rendered":"<p data-start=\"106\" data-end=\"363\">\u017belki &#8222;Spaghetti Zielone jab\u0142ko&#8221; mocno kwa\u015bne<\/p>\n","protected":false},"featured_media":992180,"comment_status":"closed","ping_status":"closed","template":"","meta":[],"product_brand":[],"product_cat":[44,46],"product_tag":[],"class_list":{"0":"post-992174","1":"product","2":"type-product","3":"status-publish","4":"has-post-thumbnail","6":"product_cat-zelki","7":"product_cat-kwasne","9":"first","10":"instock","11":"shipping-taxable","12":"purchasable","13":"product-type-variable"},"jetpack_sharing_enabled":true,"_links":{"self":[{"href":"https:\/\/mazelka.pl\/index.php?rest_route=\/wp\/v2\/product\/992174","targetHints":{"allow":["GET"]}}],"collection":[{"href":"https:\/\/mazelka.pl\/index.php?rest_route=\/wp\/v2\/product"}],"about":[{"href":"https:\/\/mazelka.pl\/index.php?rest_route=\/wp\/v2\/types\/product"}],"replies":[{"embeddable":true,"href":"https:\/\/mazelka.pl\/index.php?rest_route=%2Fwp%2Fv2%2Fcomments&post=992174"}],"version-history":[{"count":1,"href":"https:\/\/mazelka.pl\/index.php?rest_route=\/wp\/v2\/product\/992174\/revisions"}],"predecessor-version":[{"id":992181,"href":"https:\/\/mazelka.pl\/index.php?rest_route=\/wp\/v2\/product\/992174\/revisions\/992181"}],"wp:featuredmedia":[{"embeddable":true,"href":"https:\/\/mazelka.pl\/index.php?rest_route=\/wp\/v2\/media\/992180"}],"wp:attachment":[{"href":"https:\/\/mazelka.pl\/index.php?rest_route=%2Fwp%2Fv2%2Fmedia&parent=992174"}],"wp:term":[{"taxonomy":"product_brand","embeddable":true,"href":"https:\/\/mazelka.pl\/index.php?rest_route=%2Fwp%2Fv2%2Fproduct_brand&post=992174"},{"taxonomy":"product_cat","embeddable":true,"href":"https:\/\/mazelka.pl\/index.php?rest_route=%2Fwp%2Fv2%2Fproduct_cat&post=992174"},{"taxonomy":"product_tag","embeddable":true,"href":"https:\/\/mazelka.pl\/index.php?rest_route=%2Fwp%2Fv2%2Fproduct_tag&post=992174"}],"curies":[{"name":"wp","href":"https:\/\/api.w.org\/{rel}","templated":true}]}}