{"id":989918,"date":"2025-08-19T20:44:04","date_gmt":"2025-08-19T18:44:04","guid":{"rendered":"https:\/\/mazelka.pl\/?post_type=product&#038;p=989918"},"modified":"2025-11-19T18:02:22","modified_gmt":"2025-11-19T17:02:22","slug":"pianki-slodkie-z-nadzieniem-jagodowym","status":"publish","type":"product","link":"https:\/\/mazelka.pl\/?product=pianki-slodkie-z-nadzieniem-jagodowym","title":{"rendered":"Pianki s\u0142odkie z nadzieniem jagodowym"},"content":{"rendered":"<div class=\"vgblk-rw-wrapper limit-wrapper\">\n<p data-start=\"106\" data-end=\"363\">Pianki s\u0142odkie z nadzieniem jagodowym<\/p>\n<p data-start=\"132\" data-end=\"267\">Delikatne, puszyste pianki o intensywnym owocowym smaku. Kolorowe, lekkie i rozp\u0142ywaj\u0105ce si\u0119 w ustach \u2013 idealne dla dzieci i doros\u0142ych!<\/p>\n<p data-start=\"269\" data-end=\"410\"><strong data-start=\"269\" data-end=\"283\">Sk\u0142adniki:<\/strong><br data-start=\"283\" data-end=\"286\" \/>Cukier, syrop glukozowo-fruktozowy, woda, \u017celatyna spo\u017cywcza, aromaty, barwniki: kurkumina, koszenila, skrobia kukurydziana.<\/p>\n<p data-start=\"412\" data-end=\"443\"><strong data-start=\"412\" data-end=\"441\">Warto\u015bci od\u017cywcze w 100g:<\/strong><\/p>\n<ul data-start=\"444\" data-end=\"617\">\n<li data-start=\"444\" data-end=\"488\">\n<p data-start=\"446\" data-end=\"488\">Warto\u015b\u0107 energetyczna: 1615 kJ \/ 380 kcal<\/p>\n<\/li>\n<li data-start=\"489\" data-end=\"544\">\n<p data-start=\"491\" data-end=\"544\">T\u0142uszcz: 0 g (w tym kwasy t\u0142uszczowe nasycone: 0 g)<\/p>\n<\/li>\n<li data-start=\"545\" data-end=\"586\">\n<p data-start=\"547\" data-end=\"586\">W\u0119glowodany: 93 g (w tym cukry: 75 g)<\/p>\n<\/li>\n<li data-start=\"587\" data-end=\"604\">\n<p data-start=\"589\" data-end=\"604\">Bia\u0142ko: 2,5 g<\/p>\n<\/li>\n<li data-start=\"605\" data-end=\"617\">\n<p data-start=\"607\" data-end=\"617\">S\u00f3l: 0,1 g<\/p>\n<\/li>\n<\/ul>\n<p data-start=\"619\" data-end=\"682\"><strong data-start=\"619\" data-end=\"638\">Przechowywanie:<\/strong><br data-start=\"638\" data-end=\"641\" \/>Przechowywa\u0107 w suchym i ch\u0142odnym miejscu.<\/p>\n<p data-start=\"684\" data-end=\"832\"><strong data-start=\"684\" data-end=\"709\">Informacje dodatkowe:<\/strong><br data-start=\"709\" data-end=\"712\" \/>Wyprodukowano w UE.<br data-start=\"731\" data-end=\"734\" \/>Dok\u0142adna data przydatno\u015bci znajduje si\u0119 na opakowaniu (nie kr\u00f3tsza ni\u017c 2 miesi\u0105ce od daty zakupu).<\/p>\n<\/div>\n<p><!-- .vgblk-rw-wrapper --><\/p>\n","protected":false},"excerpt":{"rendered":"<p data-start=\"106\" data-end=\"363\">Pianki s\u0142odkie z nadzieniem jagodowym<\/p>\n","protected":false},"featured_media":989924,"comment_status":"closed","ping_status":"closed","template":"","meta":[],"product_brand":[],"product_cat":[37],"product_tag":[],"class_list":{"0":"post-989918","1":"product","2":"type-product","3":"status-publish","4":"has-post-thumbnail","6":"product_cat-pianki","8":"first","9":"instock","10":"shipping-taxable","11":"purchasable","12":"product-type-variable"},"jetpack_sharing_enabled":true,"_links":{"self":[{"href":"https:\/\/mazelka.pl\/index.php?rest_route=\/wp\/v2\/product\/989918","targetHints":{"allow":["GET"]}}],"collection":[{"href":"https:\/\/mazelka.pl\/index.php?rest_route=\/wp\/v2\/product"}],"about":[{"href":"https:\/\/mazelka.pl\/index.php?rest_route=\/wp\/v2\/types\/product"}],"replies":[{"embeddable":true,"href":"https:\/\/mazelka.pl\/index.php?rest_route=%2Fwp%2Fv2%2Fcomments&post=989918"}],"version-history":[{"count":1,"href":"https:\/\/mazelka.pl\/index.php?rest_route=\/wp\/v2\/product\/989918\/revisions"}],"predecessor-version":[{"id":989925,"href":"https:\/\/mazelka.pl\/index.php?rest_route=\/wp\/v2\/product\/989918\/revisions\/989925"}],"wp:featuredmedia":[{"embeddable":true,"href":"https:\/\/mazelka.pl\/index.php?rest_route=\/wp\/v2\/media\/989924"}],"wp:attachment":[{"href":"https:\/\/mazelka.pl\/index.php?rest_route=%2Fwp%2Fv2%2Fmedia&parent=989918"}],"wp:term":[{"taxonomy":"product_brand","embeddable":true,"href":"https:\/\/mazelka.pl\/index.php?rest_route=%2Fwp%2Fv2%2Fproduct_brand&post=989918"},{"taxonomy":"product_cat","embeddable":true,"href":"https:\/\/mazelka.pl\/index.php?rest_route=%2Fwp%2Fv2%2Fproduct_cat&post=989918"},{"taxonomy":"product_tag","embeddable":true,"href":"https:\/\/mazelka.pl\/index.php?rest_route=%2Fwp%2Fv2%2Fproduct_tag&post=989918"}],"curies":[{"name":"wp","href":"https:\/\/api.w.org\/{rel}","templated":true}]}}