{"id":988960,"date":"2025-07-06T21:31:16","date_gmt":"2025-07-06T19:31:16","guid":{"rendered":"https:\/\/mazelka.pl\/?post_type=product&#038;p=988960"},"modified":"2026-04-15T08:33:38","modified_gmt":"2026-04-15T06:33:38","slug":"chalwa-fantazja-marmurkowa-270g","status":"publish","type":"product","link":"https:\/\/mazelka.pl\/?product=chalwa-fantazja-marmurkowa-270g","title":{"rendered":"CHA\u0141WA s\u0142onecznikowa &#8222;Fantazja&#8221; marmurkowa 270g"},"content":{"rendered":"<div class=\"vgblk-rw-wrapper limit-wrapper\">\n<p data-start=\"80\" data-end=\"137\"><strong data-start=\"80\" data-end=\"137\">Cha\u0142wa &#8222;Fantazja&#8221; marmurkowa \u2013 Klasyka z kakaow\u0105 nut\u0105<\/strong><\/p>\n<p data-start=\"139\" data-end=\"401\">Wyj\u0105tkowa kompozycja smak\u00f3w dla mi\u0142o\u015bnik\u00f3w klasycznej cha\u0142wy z delikatnym, kakaowym akcentem. G\u0142adka, aksamitna konsystencja i subtelny aromat wanilii tworz\u0105 zgran\u0105 ca\u0142o\u015b\u0107, kt\u00f3ra rozp\u0142ywa si\u0119 w ustach. Idealna na prezent lub do codziennego rozpieszczania siebie!<\/p>\n<p data-start=\"403\" data-end=\"651\"><strong data-start=\"403\" data-end=\"417\">Sk\u0142adniki:<\/strong><br data-start=\"417\" data-end=\"420\" \/>Pra\u017cone, zmielone nasiona s\u0142onecznika (56,6%), syrop skrobiowy kukurydziany, cukier, kakao w proszku, \u015brodek spieniaj\u0105cy: ekstrakt z korzenia mydlnicy lekarskiej, aromat: wanilina, regulator kwasowo\u015bci: kwas cytrynowy (E330), ekstrakt wanilii. Mo\u017ce zawiera\u0107 \u015bladowe ilo\u015bci orzeszk\u00f3w ziemnych, sezamu.<\/p>\n<p data-start=\"653\" data-end=\"706\"><strong data-start=\"653\" data-end=\"679\">Produkt mo\u017ce zawiera\u0107:<\/strong> orzechy arachidowe, sezam.<\/p>\n<p data-start=\"708\" data-end=\"739\"><strong data-start=\"708\" data-end=\"737\">Warto\u015bci od\u017cywcze w 100g:<\/strong><\/p>\n<ul data-start=\"740\" data-end=\"933\">\n<li data-start=\"740\" data-end=\"784\">\n<p data-start=\"742\" data-end=\"784\">Warto\u015b\u0107 energetyczna: 2395 kJ \/ 575 kcal<\/p>\n<\/li>\n<li data-start=\"785\" data-end=\"850\">\n<p data-start=\"787\" data-end=\"804\">T\u0142uszcz: 39 g<\/p>\n<ul data-start=\"807\" data-end=\"850\">\n<li data-start=\"807\" data-end=\"850\">\n<p data-start=\"809\" data-end=\"850\">w tym kwasy t\u0142uszczowe nasycone: 3,8 g<\/p>\n<\/li>\n<\/ul>\n<\/li>\n<li data-start=\"851\" data-end=\"900\">\n<p data-start=\"853\" data-end=\"874\">W\u0119glowodany: 43 g<\/p>\n<ul data-start=\"877\" data-end=\"900\">\n<li data-start=\"877\" data-end=\"900\">\n<p data-start=\"879\" data-end=\"900\">w tym cukry: 35 g<\/p>\n<\/li>\n<\/ul>\n<\/li>\n<li data-start=\"901\" data-end=\"919\">\n<p data-start=\"903\" data-end=\"919\">Bia\u0142ko: 13 g<\/p>\n<\/li>\n<li data-start=\"920\" data-end=\"933\">\n<p data-start=\"922\" data-end=\"933\">S\u00f3l: 0,15 g<\/p>\n<\/li>\n<\/ul>\n<\/div>\n<p><!-- .vgblk-rw-wrapper --><\/p>\n","protected":false},"excerpt":{"rendered":"<p data-start=\"106\" data-end=\"363\"><strong data-start=\"80\" data-end=\"137\">Cha\u0142wa &#8222;Fantazja&#8221; marmurkowa \u2013 Klasyka z kakaow\u0105 nut\u0105<\/strong><\/p>\n","protected":false},"featured_media":988961,"comment_status":"closed","ping_status":"closed","template":"","meta":[],"product_brand":[],"product_cat":[50,37,39,44,71,46,77,75,76],"product_tag":[],"class_list":{"0":"post-988960","1":"product","2":"type-product","3":"status-publish","4":"has-post-thumbnail","6":"product_cat-chalwa","7":"product_cat-pianki","8":"product_cat-piankimix","9":"product_cat-zelki","10":"product_cat-jogurtowe","11":"product_cat-kwasne","12":"product_cat-lukrecjowe","13":"product_cat-mix","14":"product_cat-slodkie","16":"first","17":"instock","18":"shipping-taxable","19":"purchasable","20":"product-type-simple"},"jetpack_sharing_enabled":true,"_links":{"self":[{"href":"https:\/\/mazelka.pl\/index.php?rest_route=\/wp\/v2\/product\/988960","targetHints":{"allow":["GET"]}}],"collection":[{"href":"https:\/\/mazelka.pl\/index.php?rest_route=\/wp\/v2\/product"}],"about":[{"href":"https:\/\/mazelka.pl\/index.php?rest_route=\/wp\/v2\/types\/product"}],"replies":[{"embeddable":true,"href":"https:\/\/mazelka.pl\/index.php?rest_route=%2Fwp%2Fv2%2Fcomments&post=988960"}],"version-history":[{"count":7,"href":"https:\/\/mazelka.pl\/index.php?rest_route=\/wp\/v2\/product\/988960\/revisions"}],"predecessor-version":[{"id":991943,"href":"https:\/\/mazelka.pl\/index.php?rest_route=\/wp\/v2\/product\/988960\/revisions\/991943"}],"wp:featuredmedia":[{"embeddable":true,"href":"https:\/\/mazelka.pl\/index.php?rest_route=\/wp\/v2\/media\/988961"}],"wp:attachment":[{"href":"https:\/\/mazelka.pl\/index.php?rest_route=%2Fwp%2Fv2%2Fmedia&parent=988960"}],"wp:term":[{"taxonomy":"product_brand","embeddable":true,"href":"https:\/\/mazelka.pl\/index.php?rest_route=%2Fwp%2Fv2%2Fproduct_brand&post=988960"},{"taxonomy":"product_cat","embeddable":true,"href":"https:\/\/mazelka.pl\/index.php?rest_route=%2Fwp%2Fv2%2Fproduct_cat&post=988960"},{"taxonomy":"product_tag","embeddable":true,"href":"https:\/\/mazelka.pl\/index.php?rest_route=%2Fwp%2Fv2%2Fproduct_tag&post=988960"}],"curies":[{"name":"wp","href":"https:\/\/api.w.org\/{rel}","templated":true}]}}