{"id":988957,"date":"2025-07-06T21:29:26","date_gmt":"2025-07-06T19:29:26","guid":{"rendered":"https:\/\/mazelka.pl\/?post_type=product&#038;p=988957"},"modified":"2026-04-16T22:16:28","modified_gmt":"2026-04-16T20:16:28","slug":"chalwa-z-dodatkiem-orzechow-270g","status":"publish","type":"product","link":"https:\/\/mazelka.pl\/?product=chalwa-z-dodatkiem-orzechow-270g","title":{"rendered":"CHA\u0141WA s\u0142onecznikowa z dodatkiem orzech\u00f3w 270g"},"content":{"rendered":"<div class=\"vgblk-rw-wrapper limit-wrapper\">\n<p data-start=\"81\" data-end=\"143\"><strong data-start=\"81\" data-end=\"143\">Cha\u0142wa z orzechami \u2013 Klasyczny smak z chrupi\u0105cym dodatkiem<\/strong><\/p>\n<p data-start=\"145\" data-end=\"371\">Prawdziwa uczta dla podniebienia \u2013 delikatna cha\u0142wa z pra\u017conych nasion s\u0142onecznika wzbogacona o aromatyczne orzechy arachidowe. Po\u0142\u0105czenie tradycji z wyj\u0105tkowym, orzechowym akcentem. Idealna na deser lub jako s\u0142odka przek\u0105ska!<\/p>\n<p data-start=\"373\" data-end=\"642\"><strong data-start=\"373\" data-end=\"387\">Sk\u0142adniki:<\/strong><br data-start=\"387\" data-end=\"390\" \/>Pra\u017cone, zmielone nasiona s\u0142onecznika (54,6%), syrop skrobiowy kukurydziany, cukier, <strong data-start=\"475\" data-end=\"504\">pra\u017cony orzech arachidowy<\/strong> (7%),: ekstrakt z korzenia mydlnicy lekarskiej, regulator kwasowo\u015bci: kwas cytrynowy (E330), ekstrakt wanilii. Mo\u017ce zawiera\u0107 \u015bladowe ilo\u015bci sezamu.<\/p>\n<p data-start=\"644\" data-end=\"675\"><strong data-start=\"644\" data-end=\"673\">Warto\u015bci od\u017cywcze w 100g:<\/strong><\/p>\n<ul data-start=\"676\" data-end=\"869\">\n<li data-start=\"676\" data-end=\"720\">\n<p data-start=\"678\" data-end=\"720\">Warto\u015b\u0107 energetyczna: 2363 kJ \/ 568 kcal<\/p>\n<\/li>\n<li data-start=\"721\" data-end=\"786\">\n<p data-start=\"723\" data-end=\"740\">T\u0142uszcz: 39,5 g<\/p>\n<ul data-start=\"743\" data-end=\"786\">\n<li data-start=\"743\" data-end=\"786\">\n<p data-start=\"745\" data-end=\"786\">w tym kwasy t\u0142uszczowe nasycone: 4,03 g<\/p>\n<\/li>\n<\/ul>\n<\/li>\n<li data-start=\"787\" data-end=\"836\">\n<p data-start=\"789\" data-end=\"810\">W\u0119glowodany: 38,4 g<\/p>\n<ul data-start=\"813\" data-end=\"836\">\n<li data-start=\"813\" data-end=\"836\">\n<p data-start=\"815\" data-end=\"836\">w tym cukry: 31,5 g<\/p>\n<\/li>\n<\/ul>\n<\/li>\n<li data-start=\"837\" data-end=\"855\">\n<p data-start=\"839\" data-end=\"855\">Bia\u0142ko: 14,6 g<\/p>\n<\/li>\n<li data-start=\"856\" data-end=\"869\">\n<p data-start=\"858\" data-end=\"869\">S\u00f3l: 0,14 g<\/p>\n<\/li>\n<\/ul>\n<\/div>\n<p><!-- .vgblk-rw-wrapper --><\/p>\n","protected":false},"excerpt":{"rendered":"<p data-start=\"106\" data-end=\"363\"><strong data-start=\"81\" data-end=\"143\">Cha\u0142wa z orzechami \u2013 Klasyczny smak z chrupi\u0105cym dodatkiem<\/strong><\/p>\n","protected":false},"featured_media":988958,"comment_status":"closed","ping_status":"closed","template":"","meta":[],"product_brand":[],"product_cat":[50,37,39,44,71,46,77,75,76],"product_tag":[],"class_list":{"0":"post-988957","1":"product","2":"type-product","3":"status-publish","4":"has-post-thumbnail","6":"product_cat-chalwa","7":"product_cat-pianki","8":"product_cat-piankimix","9":"product_cat-zelki","10":"product_cat-jogurtowe","11":"product_cat-kwasne","12":"product_cat-lukrecjowe","13":"product_cat-mix","14":"product_cat-slodkie","16":"first","17":"instock","18":"shipping-taxable","19":"purchasable","20":"product-type-simple"},"jetpack_sharing_enabled":true,"_links":{"self":[{"href":"https:\/\/mazelka.pl\/index.php?rest_route=\/wp\/v2\/product\/988957","targetHints":{"allow":["GET"]}}],"collection":[{"href":"https:\/\/mazelka.pl\/index.php?rest_route=\/wp\/v2\/product"}],"about":[{"href":"https:\/\/mazelka.pl\/index.php?rest_route=\/wp\/v2\/types\/product"}],"replies":[{"embeddable":true,"href":"https:\/\/mazelka.pl\/index.php?rest_route=%2Fwp%2Fv2%2Fcomments&post=988957"}],"version-history":[{"count":5,"href":"https:\/\/mazelka.pl\/index.php?rest_route=\/wp\/v2\/product\/988957\/revisions"}],"predecessor-version":[{"id":991940,"href":"https:\/\/mazelka.pl\/index.php?rest_route=\/wp\/v2\/product\/988957\/revisions\/991940"}],"wp:featuredmedia":[{"embeddable":true,"href":"https:\/\/mazelka.pl\/index.php?rest_route=\/wp\/v2\/media\/988958"}],"wp:attachment":[{"href":"https:\/\/mazelka.pl\/index.php?rest_route=%2Fwp%2Fv2%2Fmedia&parent=988957"}],"wp:term":[{"taxonomy":"product_brand","embeddable":true,"href":"https:\/\/mazelka.pl\/index.php?rest_route=%2Fwp%2Fv2%2Fproduct_brand&post=988957"},{"taxonomy":"product_cat","embeddable":true,"href":"https:\/\/mazelka.pl\/index.php?rest_route=%2Fwp%2Fv2%2Fproduct_cat&post=988957"},{"taxonomy":"product_tag","embeddable":true,"href":"https:\/\/mazelka.pl\/index.php?rest_route=%2Fwp%2Fv2%2Fproduct_tag&post=988957"}],"curies":[{"name":"wp","href":"https:\/\/api.w.org\/{rel}","templated":true}]}}