{"id":988949,"date":"2025-07-06T21:25:20","date_gmt":"2025-07-06T19:25:20","guid":{"rendered":"https:\/\/mazelka.pl\/?post_type=product&#038;p=988949"},"modified":"2026-04-15T08:33:38","modified_gmt":"2026-04-15T06:33:38","slug":"chalwa-z-bakaliami-270g","status":"publish","type":"product","link":"https:\/\/mazelka.pl\/?product=chalwa-z-bakaliami-270g","title":{"rendered":"CHA\u0141WA s\u0142onecznikowa z bakaliami 270g"},"content":{"rendered":"<div class=\"vgblk-rw-wrapper limit-wrapper\">\n<p data-start=\"94\" data-end=\"149\"><strong data-start=\"94\" data-end=\"149\">Cha\u0142wa bakaliowa \u2013 Klasyczna s\u0142odycz z nut\u0105 bakalii<\/strong><\/p>\n<p data-start=\"151\" data-end=\"346\">Aromatyczna cha\u0142wa na bazie pra\u017conych nasion s\u0142onecznika, wzbogacona o rodzynki i chrupi\u0105ce orzechy arachidowe. Idealna do herbaty, na deser lub jako s\u0142odki prezent. Naturalna i wyj\u0105tkowo syc\u0105ca!<\/p>\n<p data-start=\"348\" data-end=\"638\"><strong data-start=\"348\" data-end=\"362\">Sk\u0142adniki:<\/strong><br data-start=\"362\" data-end=\"365\" \/>Pra\u017cone, zmielone nasiona s\u0142onecznika (54%), syrop glukozowy, cukier, <strong data-start=\"450\" data-end=\"479\">pra\u017cony orzech arachidowy<\/strong> (4,0%), <strong data-start=\"488\" data-end=\"500\">rodzynki<\/strong> (4,0%), \u015brodek spieniaj\u0105cy: ekstrakt z korzenia mydlnicy lekarskiej, aromat, regulator kwasowo\u015bci: kwas mlekowy, ekstrakt wanilii. Mo\u017ce zawiera\u0107 \u015bladowe ilo\u015bci sezamu,soi,glutenu, orzech\u00f3w w\u0142oskich, laktozy, dwutlenku siarki.<\/p>\n<p data-start=\"640\" data-end=\"671\"><strong data-start=\"640\" data-end=\"669\">Warto\u015bci od\u017cywcze w 100g:<\/strong><\/p>\n<ul data-start=\"672\" data-end=\"865\">\n<li data-start=\"672\" data-end=\"716\">\n<p data-start=\"674\" data-end=\"716\">Warto\u015b\u0107 energetyczna: 2412 kJ \/ 579 kcal<\/p>\n<\/li>\n<li data-start=\"717\" data-end=\"782\">\n<p data-start=\"719\" data-end=\"736\">T\u0142uszcz: 39,0 g<\/p>\n<ul data-start=\"739\" data-end=\"782\">\n<li data-start=\"739\" data-end=\"782\">\n<p data-start=\"741\" data-end=\"782\">w tym kwasy t\u0142uszczowe nasycone: 3,7 g<\/p>\n<\/li>\n<\/ul>\n<\/li>\n<li data-start=\"783\" data-end=\"832\">\n<p data-start=\"785\" data-end=\"806\">W\u0119glowodany: 45,0 g<\/p>\n<ul data-start=\"809\" data-end=\"832\">\n<li data-start=\"809\" data-end=\"832\">\n<p data-start=\"811\" data-end=\"832\">w tym cukry: 35,5 g<\/p>\n<\/li>\n<\/ul>\n<\/li>\n<li data-start=\"833\" data-end=\"851\">\n<p data-start=\"835\" data-end=\"851\">Bia\u0142ko: 12,0 g<\/p>\n<\/li>\n<li data-start=\"852\" data-end=\"865\">\n<p data-start=\"854\" data-end=\"865\">S\u00f3l: 0,15 g<\/p>\n<\/li>\n<\/ul>\n<\/div>\n<p><!-- .vgblk-rw-wrapper --><\/p>\n","protected":false},"excerpt":{"rendered":"<p data-start=\"106\" data-end=\"363\"><strong data-start=\"94\" data-end=\"149\">Cha\u0142wa bakaliowa \u2013 Klasyczna s\u0142odycz z nut\u0105 bakalii<\/strong><\/p>\n","protected":false},"featured_media":988955,"comment_status":"closed","ping_status":"closed","template":"","meta":[],"product_brand":[],"product_cat":[50,37,39,44,71,46,77,75,76],"product_tag":[],"class_list":{"0":"post-988949","1":"product","2":"type-product","3":"status-publish","4":"has-post-thumbnail","6":"product_cat-chalwa","7":"product_cat-pianki","8":"product_cat-piankimix","9":"product_cat-zelki","10":"product_cat-jogurtowe","11":"product_cat-kwasne","12":"product_cat-lukrecjowe","13":"product_cat-mix","14":"product_cat-slodkie","16":"first","17":"instock","18":"shipping-taxable","19":"purchasable","20":"product-type-simple"},"jetpack_sharing_enabled":true,"_links":{"self":[{"href":"https:\/\/mazelka.pl\/index.php?rest_route=\/wp\/v2\/product\/988949","targetHints":{"allow":["GET"]}}],"collection":[{"href":"https:\/\/mazelka.pl\/index.php?rest_route=\/wp\/v2\/product"}],"about":[{"href":"https:\/\/mazelka.pl\/index.php?rest_route=\/wp\/v2\/types\/product"}],"replies":[{"embeddable":true,"href":"https:\/\/mazelka.pl\/index.php?rest_route=%2Fwp%2Fv2%2Fcomments&post=988949"}],"version-history":[{"count":6,"href":"https:\/\/mazelka.pl\/index.php?rest_route=\/wp\/v2\/product\/988949\/revisions"}],"predecessor-version":[{"id":991942,"href":"https:\/\/mazelka.pl\/index.php?rest_route=\/wp\/v2\/product\/988949\/revisions\/991942"}],"wp:featuredmedia":[{"embeddable":true,"href":"https:\/\/mazelka.pl\/index.php?rest_route=\/wp\/v2\/media\/988955"}],"wp:attachment":[{"href":"https:\/\/mazelka.pl\/index.php?rest_route=%2Fwp%2Fv2%2Fmedia&parent=988949"}],"wp:term":[{"taxonomy":"product_brand","embeddable":true,"href":"https:\/\/mazelka.pl\/index.php?rest_route=%2Fwp%2Fv2%2Fproduct_brand&post=988949"},{"taxonomy":"product_cat","embeddable":true,"href":"https:\/\/mazelka.pl\/index.php?rest_route=%2Fwp%2Fv2%2Fproduct_cat&post=988949"},{"taxonomy":"product_tag","embeddable":true,"href":"https:\/\/mazelka.pl\/index.php?rest_route=%2Fwp%2Fv2%2Fproduct_tag&post=988949"}],"curies":[{"name":"wp","href":"https:\/\/api.w.org\/{rel}","templated":true}]}}