{"id":988871,"date":"2025-07-06T21:07:14","date_gmt":"2025-07-06T19:07:14","guid":{"rendered":"https:\/\/mazelka.pl\/?post_type=product&#038;p=988871"},"modified":"2026-04-04T09:49:02","modified_gmt":"2026-04-04T07:49:02","slug":"pianki-slodkie-mix-10-wybranych-losowo-rodzajow-05kg-40zl","status":"publish","type":"product","link":"https:\/\/mazelka.pl\/?product=pianki-slodkie-mix-10-wybranych-losowo-rodzajow-05kg-40zl","title":{"rendered":"Pianki s\u0142odkie MIX-wszystkie dost\u0119pne rodzaje 0,5kg\/45z\u0142"},"content":{"rendered":"<div class=\"vgblk-rw-wrapper limit-wrapper\">\n<p data-start=\"106\" data-end=\"363\">Pianki s\u0142odkie MIX wszystkie dost\u0119pne rodzaje 0,5kg\/45z\u0142<\/p>\n<p data-start=\"132\" data-end=\"267\">Delikatne, puszyste pianki o intensywnym owocowym smaku. Kolorowe, lekkie i rozp\u0142ywaj\u0105ce si\u0119 w ustach \u2013 idealne dla dzieci i doros\u0142ych!<\/p>\n<p data-start=\"269\" data-end=\"410\"><strong data-start=\"269\" data-end=\"283\">Sk\u0142adniki:<\/strong><br data-start=\"283\" data-end=\"286\" \/>Cukier, syrop glukozowo-fruktozowy, woda, \u017celatyna spo\u017cywcza, aromaty, barwniki: kurkumina, koszenila, skrobia kukurydziana.<\/p>\n<p data-start=\"412\" data-end=\"443\"><strong data-start=\"412\" data-end=\"441\">Warto\u015bci od\u017cywcze w 100g:<\/strong><\/p>\n<ul data-start=\"444\" data-end=\"617\">\n<li data-start=\"444\" data-end=\"488\">\n<p data-start=\"446\" data-end=\"488\">Warto\u015b\u0107 energetyczna: 1615 kJ \/ 380 kcal<\/p>\n<\/li>\n<li data-start=\"489\" data-end=\"544\">\n<p data-start=\"491\" data-end=\"544\">T\u0142uszcz: 0 g (w tym kwasy t\u0142uszczowe nasycone: 0 g)<\/p>\n<\/li>\n<li data-start=\"545\" data-end=\"586\">\n<p data-start=\"547\" data-end=\"586\">W\u0119glowodany: 93 g (w tym cukry: 75 g)<\/p>\n<\/li>\n<li data-start=\"587\" data-end=\"604\">\n<p data-start=\"589\" data-end=\"604\">Bia\u0142ko: 2,5 g<\/p>\n<\/li>\n<li data-start=\"605\" data-end=\"617\">\n<p data-start=\"607\" data-end=\"617\">S\u00f3l: 0,1 g<\/p>\n<\/li>\n<\/ul>\n<p data-start=\"619\" data-end=\"682\"><strong data-start=\"619\" data-end=\"638\">Przechowywanie:<\/strong><br data-start=\"638\" data-end=\"641\" \/>Przechowywa\u0107 w suchym i ch\u0142odnym miejscu.<\/p>\n<p data-start=\"684\" data-end=\"832\"><strong data-start=\"684\" data-end=\"709\">Informacje dodatkowe:<\/strong><br data-start=\"709\" data-end=\"712\" \/>Wyprodukowano w UE.<br data-start=\"731\" data-end=\"734\" \/>Dok\u0142adna data przydatno\u015bci znajduje si\u0119 na opakowaniu (nie kr\u00f3tsza ni\u017c 2 miesi\u0105ce od daty zakupu).<\/p>\n<\/div>\n<p><!-- .vgblk-rw-wrapper --><\/p>\n","protected":false},"excerpt":{"rendered":"<p data-start=\"106\" data-end=\"363\">Pianki s\u0142odkie MIX &#8211; wszystkie dost\u0119pne rodzaje<\/p>\n","protected":false},"featured_media":992755,"comment_status":"closed","ping_status":"closed","template":"","meta":[],"product_brand":[],"product_cat":[37,39,75,76],"product_tag":[],"class_list":{"0":"post-988871","1":"product","2":"type-product","3":"status-publish","4":"has-post-thumbnail","6":"product_cat-pianki","7":"product_cat-piankimix","8":"product_cat-mix","9":"product_cat-slodkie","11":"first","12":"instock","13":"shipping-taxable","14":"purchasable","15":"product-type-simple"},"jetpack_sharing_enabled":true,"_links":{"self":[{"href":"https:\/\/mazelka.pl\/index.php?rest_route=\/wp\/v2\/product\/988871","targetHints":{"allow":["GET"]}}],"collection":[{"href":"https:\/\/mazelka.pl\/index.php?rest_route=\/wp\/v2\/product"}],"about":[{"href":"https:\/\/mazelka.pl\/index.php?rest_route=\/wp\/v2\/types\/product"}],"replies":[{"embeddable":true,"href":"https:\/\/mazelka.pl\/index.php?rest_route=%2Fwp%2Fv2%2Fcomments&post=988871"}],"version-history":[{"count":6,"href":"https:\/\/mazelka.pl\/index.php?rest_route=\/wp\/v2\/product\/988871\/revisions"}],"predecessor-version":[{"id":991341,"href":"https:\/\/mazelka.pl\/index.php?rest_route=\/wp\/v2\/product\/988871\/revisions\/991341"}],"wp:featuredmedia":[{"embeddable":true,"href":"https:\/\/mazelka.pl\/index.php?rest_route=\/wp\/v2\/media\/992755"}],"wp:attachment":[{"href":"https:\/\/mazelka.pl\/index.php?rest_route=%2Fwp%2Fv2%2Fmedia&parent=988871"}],"wp:term":[{"taxonomy":"product_brand","embeddable":true,"href":"https:\/\/mazelka.pl\/index.php?rest_route=%2Fwp%2Fv2%2Fproduct_brand&post=988871"},{"taxonomy":"product_cat","embeddable":true,"href":"https:\/\/mazelka.pl\/index.php?rest_route=%2Fwp%2Fv2%2Fproduct_cat&post=988871"},{"taxonomy":"product_tag","embeddable":true,"href":"https:\/\/mazelka.pl\/index.php?rest_route=%2Fwp%2Fv2%2Fproduct_tag&post=988871"}],"curies":[{"name":"wp","href":"https:\/\/api.w.org\/{rel}","templated":true}]}}