{"id":989011,"date":"2025-07-07T01:23:31","date_gmt":"2025-07-06T23:23:31","guid":{"rendered":"https:\/\/mazelka.pl\/?page_id=989011"},"modified":"2025-07-29T02:52:13","modified_gmt":"2025-07-29T00:52:13","slug":"regulamin-sklepu","status":"publish","type":"page","link":"https:\/\/mazelka.pl\/?page_id=989011","title":{"rendered":"Regulamin sklepu"},"content":{"rendered":"\t\t<div data-elementor-type=\"wp-page\" data-elementor-id=\"989011\" class=\"elementor elementor-989011\" data-elementor-post-type=\"page\">\n\t\t\t\t\t\t<section class=\"elementor-section elementor-top-section elementor-element elementor-element-4bf2cba elementor-section-boxed elementor-section-height-default elementor-section-height-default\" data-id=\"4bf2cba\" data-element_type=\"section\">\n\t\t\t\t\t\t<div class=\"elementor-container elementor-column-gap-no\">\n\t\t\t\t\t<div class=\"elementor-column elementor-col-100 elementor-top-column elementor-element elementor-element-5dd1a03\" data-id=\"5dd1a03\" data-element_type=\"column\" data-settings=\"{&quot;motion_fx_motion_fx_scrolling&quot;:&quot;yes&quot;,&quot;motion_fx_translateY_effect&quot;:&quot;yes&quot;,&quot;motion_fx_translateY_speed&quot;:{&quot;unit&quot;:&quot;px&quot;,&quot;size&quot;:2,&quot;sizes&quot;:[]},&quot;motion_fx_devices&quot;:[&quot;desktop&quot;],&quot;motion_fx_translateY_affectedRange&quot;:{&quot;unit&quot;:&quot;%&quot;,&quot;size&quot;:&quot;&quot;,&quot;sizes&quot;:{&quot;start&quot;:0,&quot;end&quot;:100}}}\">\n\t\t\t<div class=\"elementor-widget-wrap elementor-element-populated\">\n\t\t\t\t\t\t<div class=\"elementor-element elementor-element-1b08461 elementor-invisible elementor-widget elementor-widget-text-editor\" data-id=\"1b08461\" data-element_type=\"widget\" data-settings=\"{&quot;_animation&quot;:&quot;fadeInDown&quot;,&quot;_animation_tablet&quot;:&quot;none&quot;,&quot;_animation_delay&quot;:300}\" data-widget_type=\"text-editor.default\">\n\t\t\t\t<div class=\"elementor-widget-container\">\n\t\t\t\t\t\t\t\t\t<h1>Regulamin <span style=\"color: #ff6a00;\">~<\/span><\/h1>\t\t\t\t\t\t\t\t<\/div>\n\t\t\t\t<\/div>\n\t\t\t\t<div class=\"vamtam-has-theme-widget-styles elementor-element elementor-element-4b5f041 elementor-invisible elementor-widget elementor-widget-heading\" data-id=\"4b5f041\" data-element_type=\"widget\" data-settings=\"{&quot;_animation&quot;:&quot;fadeInUp&quot;,&quot;_animation_tablet&quot;:&quot;none&quot;,&quot;_animation_delay&quot;:400}\" data-widget_type=\"heading.default\">\n\t\t\t\t<div class=\"elementor-widget-container\">\n\t\t\t\t\t<h1 class=\"elementor-heading-title elementor-size-default\">Sklepu Mazelka<\/h1>\t\t\t\t<\/div>\n\t\t\t\t<\/div>\n\t\t\t\t\t<\/div>\n\t\t<\/div>\n\t\t\t\t\t<\/div>\n\t\t<\/section>\n\t\t\t\t<section class=\"elementor-section elementor-top-section elementor-element elementor-element-27590fcf elementor-section-boxed elementor-section-height-default elementor-section-height-default\" data-id=\"27590fcf\" data-element_type=\"section\">\n\t\t\t\t\t\t<div class=\"elementor-container elementor-column-gap-no\">\n\t\t\t\t\t<div class=\"elementor-column elementor-col-100 elementor-top-column elementor-element elementor-element-9287207\" data-id=\"9287207\" data-element_type=\"column\">\n\t\t\t<div class=\"elementor-widget-wrap elementor-element-populated\">\n\t\t\t\t\t\t<div class=\"elementor-element elementor-element-768a6ca6 elementor-widget elementor-widget-text-editor\" data-id=\"768a6ca6\" data-element_type=\"widget\" data-widget_type=\"text-editor.default\">\n\t\t\t\t<div class=\"elementor-widget-container\">\n\t\t\t\t\t\t\t\t\t\n<h1 class=\"wp-block-heading\" data-start=\"147\" data-end=\"193\"><strong data-start=\"149\" data-end=\"193\">Regulamin sklepu internetowego Mazelka<\/strong><\/h1>\n<h2 data-start=\"195\" data-end=\"218\">1. Informacje og\u00f3lne<\/h2>\n<p data-start=\"220\" data-end=\"375\">1.1. Niniejszy regulamin okre\u015bla zasady korzystania ze sklepu internetowego Mazelka.pl dost\u0119pnego pod adresem: <a class=\"\" href=\"https:\/\/mazelka.pl\" target=\"_new\" rel=\"noopener\" data-start=\"330\" data-end=\"374\">https:\/\/mazelka.pl<\/a>.<\/p>\n<p data-start=\"377\" data-end=\"422\">1.2. Sklep internetowy prowadzony jest przez:<\/p>\n<p data-start=\"424\" data-end=\"722\"><strong data-start=\"424\" data-end=\"456\">Mazelkapl Natalia Kaczmarzyk<\/strong><br data-start=\"456\" data-end=\"459\" \/>NIP: 7542874897<br data-start=\"474\" data-end=\"477\" \/>REGON: 361281930<br data-start=\"493\" data-end=\"496\" \/>ul. Targowa 9, lokal P\/3\/361, 45-067 Opole<br data-start=\"538\" data-end=\"541\" \/>(Miejsce wykonywania dzia\u0142alno\u015bci \u2013 Targowisko Miejskie Cytrusek)<br data-start=\"606\" data-end=\"609\" \/>Adres do dor\u0119cze\u0144: ul. Krakowska 41\/15, 45-018 Opole<br data-start=\"661\" data-end=\"664\" \/>Kontakt: <strong data-start=\"673\" data-end=\"698\"><a class=\"cursor-pointer\" rel=\"noopener\" data-start=\"675\" data-end=\"696\">mazelkapl25@gmail.com<\/a><\/strong>, tel. +48 694 898 991<\/p>\n<p data-start=\"724\" data-end=\"849\">1.3. Regulamin jest dost\u0119pny nieodp\u0142atnie na stronie sklepu w spos\u00f3b umo\u017cliwiaj\u0105cy jego pozyskanie, odtwarzanie i utrwalanie.<\/p>\n<hr data-start=\"851\" data-end=\"854\" \/>\n<h2 data-start=\"856\" data-end=\"871\">2. Definicje<\/h2>\n<ul data-start=\"873\" data-end=\"1276\">\n<li data-start=\"873\" data-end=\"969\">\n<p data-start=\"875\" data-end=\"969\"><strong data-start=\"875\" data-end=\"885\">Klient<\/strong> \u2013 osoba fizyczna, prawna lub jednostka organizacyjna dokonuj\u0105ca zakupu w sklepie.<\/p>\n<\/li>\n<li data-start=\"970\" data-end=\"1094\">\n<p data-start=\"972\" data-end=\"1094\"><strong data-start=\"972\" data-end=\"985\">Konsument<\/strong> \u2013 Klient b\u0119d\u0105cy osob\u0105 fizyczn\u0105, dokonuj\u0105cy zakup\u00f3w niezwi\u0105zanych bezpo\u015brednio z dzia\u0142alno\u015bci\u0105 gospodarcz\u0105.<\/p>\n<\/li>\n<li data-start=\"1095\" data-end=\"1145\">\n<p data-start=\"1097\" data-end=\"1145\"><strong data-start=\"1097\" data-end=\"1111\">Sprzedawca<\/strong> \u2013 Mazelkapl Natalia Kaczmarzyk.<\/p>\n<\/li>\n<li data-start=\"1146\" data-end=\"1190\">\n<p data-start=\"1148\" data-end=\"1190\"><strong data-start=\"1148\" data-end=\"1159\">Produkt<\/strong> \u2013 towar oferowany w sklepie.<\/p>\n<\/li>\n<li data-start=\"1191\" data-end=\"1276\">\n<p data-start=\"1193\" data-end=\"1276\"><strong data-start=\"1193\" data-end=\"1207\">Zam\u00f3wienie<\/strong> \u2013 o\u015bwiadczenie woli Klienta zmierzaj\u0105ce do zawarcia umowy sprzeda\u017cy.<\/p>\n<\/li>\n<\/ul>\n<hr data-start=\"1278\" data-end=\"1281\" \/>\n<h2 data-start=\"1283\" data-end=\"1307\">3. Sk\u0142adanie zam\u00f3wie\u0144<\/h2>\n<p data-start=\"1309\" data-end=\"1390\">3.1. Zam\u00f3wienia mo\u017cna sk\u0142ada\u0107 24 godziny na dob\u0119 przez stron\u0119 internetow\u0105 sklepu.<\/p>\n<p data-start=\"1392\" data-end=\"1475\">3.2. Klient wybiera produkty, dodaje je do koszyka i wype\u0142nia formularz zam\u00f3wienia.<\/p>\n<p data-start=\"1477\" data-end=\"1563\">3.3. Warunkiem realizacji zam\u00f3wienia jest jego potwierdzenie oraz dokonanie p\u0142atno\u015bci.<\/p>\n<p data-start=\"1565\" data-end=\"1638\">3.4. Umowa sprzeda\u017cy zawierana jest zgodnie z przepisami prawa polskiego.<\/p>\n<hr data-start=\"1640\" data-end=\"1643\" \/>\n<h2 data-start=\"1645\" data-end=\"1666\">4. Formy p\u0142atno\u015bci<\/h2>\n<p data-start=\"1668\" data-end=\"1734\">4.1. Sklep obs\u0142uguje p\u0142atno\u015bci online za po\u015brednictwem Przelewy24:<\/p>\n<p data-start=\"1736\" data-end=\"1825\"><strong data-start=\"1736\" data-end=\"1751\">PayPro S.A.<\/strong><br data-start=\"1751\" data-end=\"1754\" \/>ul. Pastelowa 8, 60-198 Pozna\u0144<br data-start=\"1784\" data-end=\"1787\" \/>NIP: 779-236-98-87<br data-start=\"1805\" data-end=\"1808\" \/>(KRS: 0000347935)<\/p>\n<p data-start=\"1827\" data-end=\"1848\">4.2. Dost\u0119pne metody:<\/p>\n<ul data-start=\"1849\" data-end=\"1968\">\n<li data-start=\"1849\" data-end=\"1857\">\n<p data-start=\"1851\" data-end=\"1857\">BLIK<\/p>\n<\/li>\n<li data-start=\"1858\" data-end=\"1883\">\n<p data-start=\"1860\" data-end=\"1883\">szybki przelew online<\/p>\n<\/li>\n<li data-start=\"1884\" data-end=\"1906\">\n<p data-start=\"1886\" data-end=\"1906\">przelew tradycyjny<\/p>\n<\/li>\n<li data-start=\"1907\" data-end=\"1926\">\n<p data-start=\"1909\" data-end=\"1926\">karta p\u0142atnicza<\/p>\n<\/li>\n<li data-start=\"1927\" data-end=\"1968\">\n<p data-start=\"1929\" data-end=\"1968\">Google Pay \/ Apple Pay (je\u015bli dost\u0119pne)<\/p>\n<\/li>\n<\/ul>\n<p data-start=\"1970\" data-end=\"2095\">4.3. P\u0142atno\u015b\u0107 powinna zosta\u0107 dokonana niezw\u0142ocznie po z\u0142o\u017ceniu zam\u00f3wienia. Brak wp\u0142aty mo\u017ce skutkowa\u0107 anulowaniem zam\u00f3wienia.<\/p>\n<hr data-start=\"2097\" data-end=\"2100\" \/>\n<h2 data-start=\"2102\" data-end=\"2125\">5. Wysy\u0142ka i dostawa<\/h2>\n<p data-start=\"2127\" data-end=\"2173\">5.1. Zam\u00f3wienia realizujemy na terenie Polski.<\/p>\n<p data-start=\"2175\" data-end=\"2254\">5.2. Dostawa odbywa si\u0119 za po\u015brednictwem firmy <strong data-start=\"2222\" data-end=\"2232\">InPost<\/strong> (paczkomaty, kurier).<\/p>\n<p data-start=\"2256\" data-end=\"2353\">5.3. Czas realizacji zam\u00f3wienia wynosi zwykle 1\u20133 dni robocze od momentu zaksi\u0119gowania p\u0142atno\u015bci.<\/p>\n<p data-start=\"2355\" data-end=\"2459\">5.4. Koszt dostawy podawany jest przy sk\u0142adaniu zam\u00f3wienia i uzale\u017cniony jest od wybranej formy wysy\u0142ki.<\/p>\n<hr data-start=\"2461\" data-end=\"2464\" \/>\n<h2 data-start=\"2466\" data-end=\"2491\">6. Zwroty i reklamacje<\/h2>\n<p data-start=\"2493\" data-end=\"2651\">6.1. Ze wzgl\u0119du na charakter oferowanych produkt\u00f3w (\u017cywno\u015b\u0107) <strong data-start=\"2554\" data-end=\"2603\">nie przys\u0142uguje prawo do odst\u0105pienia od umowy<\/strong>, zgodnie z art. 38 ustawy o prawach konsumenta.<\/p>\n<p data-start=\"2653\" data-end=\"2697\">6.2. Zwrot jest mo\u017cliwy jedynie w przypadku:<\/p>\n<ul data-start=\"2698\" data-end=\"2829\">\n<li data-start=\"2698\" data-end=\"2743\">\n<p data-start=\"2700\" data-end=\"2743\">uszkodzenia przesy\u0142ki podczas transportu,<\/p>\n<\/li>\n<li data-start=\"2744\" data-end=\"2789\">\n<p data-start=\"2746\" data-end=\"2789\">otrzymania innego produktu ni\u017c zam\u00f3wiony,<\/p>\n<\/li>\n<li data-start=\"2790\" data-end=\"2829\">\n<p data-start=\"2792\" data-end=\"2829\">wady produktu (np. przeterminowanie).<\/p>\n<\/li>\n<\/ul>\n<p data-start=\"2831\" data-end=\"2961\">6.3. W przypadku takiej sytuacji prosimy o bezpo\u015bredni kontakt:<br data-start=\"2894\" data-end=\"2897\" \/><strong data-start=\"2897\" data-end=\"2908\">E-mail:<\/strong> <a class=\"cursor-pointer\" rel=\"noopener\" data-start=\"2909\" data-end=\"2930\">mazelkapl25@gmail.com<\/a><br data-start=\"2930\" data-end=\"2933\" \/><strong data-start=\"2933\" data-end=\"2945\">Telefon:<\/strong> +48 694 898 991<\/p>\n<p data-start=\"2963\" data-end=\"3032\">6.4. Reklamacje rozpatrujemy w ci\u0105gu 14 dni od otrzymania zg\u0142oszenia.<\/p>\n<hr data-start=\"3034\" data-end=\"3037\" \/>\n<h2 data-start=\"3039\" data-end=\"3069\">7. Ochrona danych osobowych<\/h2>\n<p data-start=\"3071\" data-end=\"3143\">7.1. Administratorem danych osobowych jest Mazelkapl Natalia Kaczmarzyk.<\/p>\n<p data-start=\"3145\" data-end=\"3244\">7.2. Dane przetwarzane s\u0105 wy\u0142\u0105cznie w celu realizacji zam\u00f3wienia, obs\u0142ugi konta Klienta i kontaktu.<\/p>\n<p data-start=\"3246\" data-end=\"3332\">7.3. Klient ma prawo dost\u0119pu do swoich danych, ich poprawiania oraz \u017c\u0105dania usuni\u0119cia.<\/p>\n<p data-start=\"3334\" data-end=\"3427\">7.4. Szczeg\u00f3\u0142owa polityka prywatno\u015bci dost\u0119pna jest na stronie: <strong data-start=\"3398\" data-end=\"3427\"><a class=\"\" href=\"#\" rel=\"noopener\" data-start=\"3400\" data-end=\"3425\">Polityka prywatno\u015bci<\/a><\/strong><\/p>\n<hr data-start=\"3429\" data-end=\"3432\" \/>\n<h2 data-start=\"3434\" data-end=\"3461\">8. Postanowienia ko\u0144cowe<\/h2>\n<p data-start=\"3463\" data-end=\"3586\">8.1. W sprawach nieuregulowanych regulaminem zastosowanie maj\u0105 przepisy Kodeksu cywilnego oraz ustawy o prawach konsumenta.<\/p>\n<p data-start=\"3588\" data-end=\"3679\">8.2. Sklep zastrzega sobie prawo do zmian regulaminu, o czym Klient zostanie poinformowany.<br \/><br \/><\/p>\n<p data-start=\"3681\" data-end=\"3748\">8.3. Z\u0142o\u017cenie zam\u00f3wienia oznacza akceptacj\u0119 niniejszego regulaminu.<br \/><br \/><br \/><b>Operatorem kart p\u0142atniczych jest PayPro SA Agent Rozliczeniowy, <a href=\"https:\/\/www.google.com\/maps\/search\/ul.+Pastelowa+8,+60-198+Pozna%C5%84?entry=gmail&amp;source=g\" target=\"_blank\" rel=\"noopener noreferrer\">ul. Pastelowa 8, 60-198 Pozna\u0144<\/a>, wpisany do Rejestru Przedsi\u0119biorc\u00f3w Krajowego Rejestru S\u0105dowego prowadzonego przez S\u0105d Rejonowy Pozna\u0144 Nowe Miasto i Wilda w Poznaniu, VIII Wydzia\u0142 Gospodarczy Krajowego Rejestru S\u0105dowego pod numerem KRS 0000347935, NIP 7792369887, Regon 301345068.<\/b><\/p>\n\t\t\t\t\t\t\t\t<\/div>\n\t\t\t\t<\/div>\n\t\t\t\t\t<\/div>\n\t\t<\/div>\n\t\t\t\t\t<\/div>\n\t\t<\/section>\n\t\t\t\t<\/div>\n\t\t","protected":false},"excerpt":{"rendered":"<p>Regulamin ~ Sklepu Mazelka Regulamin sklepu internetowego Mazelka 1. Informacje og\u00f3lne 1.1. Niniejszy regulamin okre\u015bla zasady korzystania ze sklepu internetowego Mazelka.pl dost\u0119pnego pod adresem: https:\/\/mazelka.pl. 1.2. Sklep internetowy prowadzony jest przez: Mazelkapl Natalia KaczmarzykNIP: 7542874897REGON: 361281930ul. Targowa 9, lokal P\/3\/361, 45-067 Opole(Miejsce wykonywania dzia\u0142alno\u015bci \u2013 Targowisko Miejskie Cytrusek)Adres do dor\u0119cze\u0144: ul. Krakowska 41\/15, 45-018 OpoleKontakt:&#8230;<\/p>\n","protected":false},"author":1,"featured_media":3178,"parent":0,"menu_order":0,"comment_status":"closed","ping_status":"open","template":"","meta":{"footnotes":""},"class_list":["post-989011","page","type-page","status-publish","has-post-thumbnail","hentry"],"jetpack_sharing_enabled":true,"_links":{"self":[{"href":"https:\/\/mazelka.pl\/index.php?rest_route=\/wp\/v2\/pages\/989011","targetHints":{"allow":["GET"]}}],"collection":[{"href":"https:\/\/mazelka.pl\/index.php?rest_route=\/wp\/v2\/pages"}],"about":[{"href":"https:\/\/mazelka.pl\/index.php?rest_route=\/wp\/v2\/types\/page"}],"author":[{"embeddable":true,"href":"https:\/\/mazelka.pl\/index.php?rest_route=\/wp\/v2\/users\/1"}],"replies":[{"embeddable":true,"href":"https:\/\/mazelka.pl\/index.php?rest_route=%2Fwp%2Fv2%2Fcomments&post=989011"}],"version-history":[{"count":10,"href":"https:\/\/mazelka.pl\/index.php?rest_route=\/wp\/v2\/pages\/989011\/revisions"}],"predecessor-version":[{"id":989702,"href":"https:\/\/mazelka.pl\/index.php?rest_route=\/wp\/v2\/pages\/989011\/revisions\/989702"}],"wp:featuredmedia":[{"embeddable":true,"href":"https:\/\/mazelka.pl\/index.php?rest_route=\/wp\/v2\/media\/3178"}],"wp:attachment":[{"href":"https:\/\/mazelka.pl\/index.php?rest_route=%2Fwp%2Fv2%2Fmedia&parent=989011"}],"curies":[{"name":"wp","href":"https:\/\/api.w.org\/{rel}","templated":true}]}}